{"id":108,"date":"2015-04-06T21:24:11","date_gmt":"2015-04-06T21:24:11","guid":{"rendered":"https:\/\/geoalentejo.com\/?page_id=108"},"modified":"2015-05-08T22:52:51","modified_gmt":"2015-05-08T22:52:51","slug":"introducao","status":"publish","type":"page","link":"https:\/\/geoalentejo.com\/?page_id=108","title":{"rendered":"Introdu\u00e7\u00e3o"},"content":{"rendered":"<p><strong>O que \u00e9 o Geocaching?<\/strong><\/p>\n<p>O Geocaching \u00e9 uma ca\u00e7a ao tesouro dos tempos modernos, jogado no mundo inteiro por pessoas com esp\u00edrito aventureiro e equipadas com receptores de GPS. A ideia base do jogo \u00e9 encontrar recipientes escondidos, denominados de &#8220;geocaches&#8221;, referenciados atrav\u00e9s de coordenadas GPS e depois partilhar a experi\u00eancia da sua aventura online. Qualquer pessoa pode usar as coordenadas publicadas no site Geocaching.com para localizar geocaches.<\/p>\n<p><strong>Quem \u00e9 que pratica Geocaching ?<\/strong><\/p>\n<p>O Geocaching \u00e9 uma actividade aberta a todos. Podem praticar Geocaching pessoas de todas as faixas et\u00e1ria: fam\u00edlias com crian\u00e7as, estudantes, adultos e reformados.<br \/>\nCada geocache tem um n\u00edvel de dificuldade e um n\u00edvel de terreno pr\u00f3prio. Uma geocache 1\/1 ser\u00e1 das mais f\u00e1ceis e uma 5\/5 ser\u00e1 mais dif\u00edcil. Esta variedade permite que cada participante possa procurar geocaches adequadas \u00e0s suas capacidades e condi\u00e7\u00f5es f\u00edsicas.<\/p>\n<p><strong>O que \u00e9 necess\u00e1rio para a pr\u00e1tica do Geocaching?<\/strong><\/p>\n<p>&#8211; Um receptor GPS dedicado, ou um smartphone com receptor GPS integrado;<br \/>\n&#8211; Acesso \u00e0 internet atrav\u00e9s de um computador ou dispositivo m\u00f3vel;<\/p>\n<p><strong>Onde encontrar geocaches ?<\/strong><\/p>\n<p>Existem geocaches em todos os continentes e praticamente em todos os pa\u00edses. Pode encontr\u00e1-las em quase toda a parte: do outro lado da rua, num parque natural perto de sua casa, no culminar de uma longa caminhada ou at\u00e9 mesmo debaixo de \u00e1gua. Existem neste momento mais de um milh\u00e3o de geocaches publicadas em todo o mundo.<\/p>\n<p><strong>Quando \u00e9 que se pode praticar Geocaching ?<\/strong><\/p>\n<p>A maior parte das geocaches est\u00e3o dispon\u00edveis todo o ano, embora o acesso a algumas possa ser limitado pelas condi\u00e7\u00f5es climat\u00e9ricas, hor\u00e1rios de abertura\/fecho dos locais e outros factores.<br \/>\nAlgumas geocaches, conhecidas como &#8220;nocturnas&#8221;, s\u00e3o constru\u00eddas de forma a s\u00f3 poderem ser visitadas de noite, por causa de pistas apenas vis\u00edveis no escuro.<\/p>\n<p><strong>Quem \u00e9 que esconde as geocaches ?<\/strong><\/p>\n<p>As geocaches s\u00e3o escondidas por membros da comunidade. Qualquer pessoa pode esconder uma geocache, desde que tenha permiss\u00e3o do dono do terreno ou da entidade que o gere. Sugerimos que encontre pelo menos 20 geocaches antes de tentar esconder a sua, de forma a aperceber-se de alguns pormenores que contribuem para uma boa geocache.<\/p>\n<p><strong>Quando encontrar uma geocache<\/strong><\/p>\n<ul>\n<li>Assine o livro de visitas;<\/li>\n<li>Se a geocache possuir items para troca, pode levar algo desde que substitua por outro de valor id\u00eantico ou superior;<\/li>\n<li>Recoloque a geocache no s\u00edtio onde a encontrou;<\/li>\n<li>Partilhe as suas experi\u00eancias e fotografias online;<\/li>\n<\/ul>\n<p><strong>Tipos de Geocaches<\/strong><\/p>\n<dl class=\"CacheTypesList\">\n<dt class=\"First\"><img loading=\"lazy\" decoding=\"async\" src=\"https:\/\/www.geocaching.com\/images\/WptTypes\/traditional_72.gif\" alt=\"Traditional Cache - Large Icon\" width=\"80\" height=\"80\" \/>\u00a0<img loading=\"lazy\" decoding=\"async\" src=\"https:\/\/www.geocaching.com\/images\/WptTypes\/2.gif\" alt=\"Traditional Cache - Small Icon\" width=\"32\" height=\"32\" \/><\/dt>\n<dd class=\"First\">\n<h4>Geocache Tradicional<\/h4>\n<p>Este \u00e9 o tipo original de geocache e o mais simples. Estas geocaches ser\u00e3o um recipiente nas coordenadas fornecidas. O tamanho pode variar, mas no m\u00ednimo todas estas geocaches ir\u00e3o ter um livro de registos. Os recipientes maiores podem conter itens para troca e trackables.<\/p>\n<\/dd>\n<dt><img loading=\"lazy\" decoding=\"async\" src=\"https:\/\/www.geocaching.com\/images\/WptTypes\/unknown_72.gif\" alt=\"Mystery or Puzzle Caches - Large Icon\" width=\"80\" height=\"80\" \/>\u00a0<img loading=\"lazy\" decoding=\"async\" src=\"https:\/\/www.geocaching.com\/images\/WptTypes\/8.gif\" alt=\"Mystery or Puzzle Caches - Small Icon\" width=\"32\" height=\"32\" \/><\/dt>\n<dd>\n<h4>Geocaches Mist\u00e9rio ou Puzzle<\/h4>\n<p>O tipo mais &#8220;geral&#8221; dos tipos de caches, esta forma de geocache pode envolver complicados puzzles que tem que ser resolvidos para determinar as coordenadas. As caches Mist\u00e9rio\/Puzzle muitas vezes tornam-se o palco de novos tipos de geocache que n\u00e3o cabem em outras categorias.<\/p>\n<\/dd>\n<dt><img loading=\"lazy\" decoding=\"async\" src=\"https:\/\/www.geocaching.com\/images\/WptTypes\/multi_72.gif\" alt=\"Multi-Cache (Offset Cache) - Large Icon\" width=\"80\" height=\"80\" \/>\u00a0<img loading=\"lazy\" decoding=\"async\" src=\"https:\/\/www.geocaching.com\/images\/WptTypes\/3.gif\" alt=\"Multi-Cache (Offset Cache) - Small Icon\" width=\"32\" height=\"32\" \/><\/dt>\n<dd>\n<h4>Multi-Cache<\/h4>\n<p>Estas geocaches envolvem duas ou mais localiza\u00e7\u00f5es, sendo a localiza\u00e7\u00e3o final um recipiente f\u00edsico com um livro de registos. Existem muitas varia\u00e7\u00f5es, mas a maioria das Multi-Caches t\u00eam uma pista para encontrar o segundo recipiente, a segunda tem uma pista para o terceiro e por a\u00ed adiante.<\/p>\n<\/dd>\n<dt><img loading=\"lazy\" decoding=\"async\" src=\"https:\/\/www.geocaching.com\/images\/WptTypes\/earthcache_80.gif\" alt=\"EarthCache - Large Icon\" width=\"80\" height=\"80\" \/>\u00a0<img loading=\"lazy\" decoding=\"async\" src=\"https:\/\/www.geocaching.com\/images\/WptTypes\/earthcache.gif\" alt=\"EarthCache - Small Icon\" width=\"32\" height=\"32\" \/><\/dt>\n<dd>\n<h4>EarthCache<\/h4>\n<p>Uma Earthcache \u00e9 um local especial que as pessoas podem visitar para aprender alguma caracter\u00edstica da geoci\u00eancia da nossa Terra. As p\u00e1ginas das EarthCaches incluem uma s\u00e9rie de notas educacionais juntamente com as coordenadas do local. Os visitantes das EarthCaches podem ver como o nosso planeta se formou atrav\u00e9s de processos geol\u00f3gicos, como gerimos os seus recursos e como os cientistas recolhem dados para investigar a Terra. Tipicamente, para registar uma Earthcache, precisa de responder a algumas quest\u00f5es observando uma localiza\u00e7\u00e3o geol\u00f3gica. Para mais informa\u00e7\u00f5es acerca das Earthcaches visite <a href=\"http:\/\/www.earthcache.org\/\" target=\"_blank\">http:\/\/www.earthcache.org\/<\/a>.<\/p>\n<\/dd>\n<dt><img loading=\"lazy\" decoding=\"async\" src=\"https:\/\/www.geocaching.com\/images\/WptTypes\/letter_72.gif\" alt=\"Letterbox Hybrid - Large Icon\" width=\"80\" height=\"80\" \/>\u00a0<img loading=\"lazy\" decoding=\"async\" src=\"https:\/\/www.geocaching.com\/images\/WptTypes\/5.gif\" alt=\"Letterbox Hybrid - Small Icon\" width=\"32\" height=\"32\" \/><\/dt>\n<dd>\n<h4>Letterbox H\u00edbrida<\/h4>\n<p>Uma &#8220;letterbox&#8221; \u00e9 uma forma de ca\u00e7a ao tesouro, usando pistas em vez de coordenadas. Em alguns casos, por\u00e9m, o autor criou tamb\u00e9m uma geocache e publicou as suas coordenadas no Geocaching.com, criando uma &#8220;letterbox hybrid&#8221;. Este tipo de caches tem no interior um carimbo que \u00e9 suposto manter-se no interior do recipiente e que \u00e9 utilizado apenas para que os praticantes possam registar a sua visita. Para saber mais sobre o letterboxing, visite <a href=\"http:\/\/www.letterboxing.org\/\" target=\"_blank\">Letterboxing na Am\u00e9rica do Norte.<\/a><\/p>\n<\/dd>\n<dt><img loading=\"lazy\" decoding=\"async\" src=\"https:\/\/www.geocaching.com\/images\/WptTypes\/event_72.gif\" alt=\"Event Cache - Large Icon\" width=\"80\" height=\"80\" \/>\u00a0<img loading=\"lazy\" decoding=\"async\" src=\"https:\/\/www.geocaching.com\/images\/WptTypes\/6.gif\" alt=\"Event Cache - Small Icon\" width=\"32\" height=\"32\" \/><\/dt>\n<dd>\n<h4>Evento<\/h4>\n<p>Um Evento \u00e9 uma reuni\u00e3o de geocachers locais ou de organiza\u00e7\u00f5es de geocaching. A p\u00e1gina do Evento especifica a hora do evento e fornece as coordenadas da sua localiza\u00e7\u00e3o. Depois do evento ter terminado, \u00e9 arquivado.<\/p>\n<\/dd>\n<dt><img loading=\"lazy\" decoding=\"async\" src=\"https:\/\/www.geocaching.com\/images\/WptTypes\/cito_72.gif\" alt=\"Cache In Trash Out Event - Large Icon\" width=\"80\" height=\"80\" \/>\u00a0<img loading=\"lazy\" decoding=\"async\" src=\"https:\/\/www.geocaching.com\/images\/WptTypes\/13.gif\" alt=\"Cache In Trash Out Event - Small Icon\" width=\"32\" height=\"32\" \/><\/dt>\n<dd>\n<h4>Evento Cache In Trash Out (CITO)<\/h4>\n<p>O <a href=\"http:\/\/www.geocaching.com\/cito\/default.aspx\" target=\"_blank\">Cache In Trash Out<\/a> \u00e9 a iniciativa ambiental suportada pela comunidade do geocaching. O principal objectivo deste programa \u00e9 limpar e preservar as \u00e1reas naturais que apreciamos enquanto praticamos geocaching. Estes eventos s\u00e3o encontros de geocachers que se focam na remo\u00e7\u00e3o de lixo, remo\u00e7\u00e3o de esp\u00e9cies invasivas, planta\u00e7\u00e3o de \u00e1rvores e vegeta\u00e7\u00e3o e constru\u00e7\u00e3o de trilhos.<\/p>\n<\/dd>\n<dt><img loading=\"lazy\" decoding=\"async\" src=\"https:\/\/www.geocaching.com\/images\/WptTypes\/mega_72.gif\" alt=\"Mega-Event Cache - Large Icon\" width=\"80\" height=\"80\" \/>\u00a0<img loading=\"lazy\" decoding=\"async\" src=\"https:\/\/www.geocaching.com\/images\/WptTypes\/mega.gif\" alt=\"Mega-Event Cache - Small Icon\" width=\"32\" height=\"32\" \/><\/dt>\n<dd>\n<h4>Mega-Evento<\/h4>\n<p>Um Mega-Evento \u00e9 uma Geocache Evento em que participam mais de 500 pessoas. Muitos Mega-Eventos oferecem aos geocachers um dia de atividades planeadas. Existem muitas vezes v\u00e1rios dias de atividades adicionais \u00e0 volta de um Mega-Evento. Estes grandes eventos atraem geocachers de todo o mundo e normalmente realizam-se anualmente.<\/p>\n<\/dd>\n<dt><img loading=\"lazy\" decoding=\"async\" src=\"https:\/\/www.geocaching.com\/images\/WptTypes\/giga_80.png\" alt=\"Giga-Event Cache - Large Icon\" width=\"80\" height=\"80\" \/>\u00a0<img loading=\"lazy\" decoding=\"async\" src=\"https:\/\/www.geocaching.com\/images\/WptTypes\/giga.gif\" alt=\"Giga-Event Cache - Small Icon\" width=\"32\" height=\"32\" \/><\/dt>\n<dd>\n<h4>Giga-Evento<\/h4>\n<p>Este \u00e9 um dos tipos de geocache dispon\u00edveis mais raro. Um Giga-Evento \u00e9 um evento em que participam mais de 5000 pessoas. Estes eventos s\u00e3o semelhantes aos Mega-Eventos e podem incluir actividades, estender-se por v\u00e1rios dias e s\u00e3o normalmente realizados anualmente. Visto que os Giga-Eventos s\u00e3o t\u00e3o raros atraem geocachers de todo o mundo.<\/p>\n<\/dd>\n<dt><img loading=\"lazy\" decoding=\"async\" src=\"https:\/\/www.geocaching.com\/images\/WptTypes\/wherigo_72.gif\" alt=\"Wherigo\u2122 Cache - Large Icon\" width=\"80\" height=\"80\" \/>\u00a0<img loading=\"lazy\" decoding=\"async\" src=\"https:\/\/www.geocaching.com\/images\/WptTypes\/1858.gif\" alt=\"Wherigo\u2122 Cache - Small Icon\" width=\"32\" height=\"32\" \/><\/dt>\n<dd>\n<h4>Geocaches Wherigo\u2122<\/h4>\n<p>Wherigo \u00e9 um conjunto de ferramentas para criar e jogar aventuras com GPS no mundo real. Ao integrar a experi\u00eancia Wherigo (carregada a partir de um ficheiro denominado &#8220;cartucho&#8221;) com a procura de uma cache, o geocaching torna-se uma actividade ainda mais interessante e rica, permitindo a interac\u00e7\u00e3o com elementos f\u00edsicos e virtuais (objectos e personagens). Para jogar um cartucho Wherigo \u00e9 necess\u00e1rio um receptor GPS compat\u00edvel. Mais informa\u00e7\u00f5es em <a href=\"http:\/\/www.wherigo.com\/\" target=\"_blank\">Wherigo.com<\/a>.<\/p>\n<\/dd>\n<dt><img loading=\"lazy\" decoding=\"async\" src=\"https:\/\/www.geocaching.com\/images\/WptTypes\/HQ_80.gif\" alt=\"Groundspeak Headquarters Cache - Large Icon\" width=\"80\" height=\"80\" \/>\u00a0<img loading=\"lazy\" decoding=\"async\" src=\"https:\/\/www.geocaching.com\/images\/WptTypes\/HQ_32.gif\" alt=\"Groundspeak Headquarters Cache - Small Icon\" width=\"32\" height=\"32\" \/><\/dt>\n<dd>\n<h4>Geocache HQ Geocaching<\/h4>\n<p><a href=\"http:\/\/coord.info\/GCK25B\" target=\"_blank\">A Geocache Geocaching HQ<\/a> est\u00e1 localizada na sede do Geocaching em Seattle, Washington. Os Geocachers interessados em visitar a sede para fazer o registo da geocache devem marcar uma visita pelo menos com 48 horas de anteced\u00eanciaatrav\u00e9s de <a href=\"mailto:hqvisits@geocaching.com\">hqvisits@geocaching.com<\/a>. As marca\u00e7\u00f5es ajudam-nos a manter a sede do Geocaching a funcionar devidamente. As visitas est\u00e3o dispon\u00edveis de ter\u00e7a-feira a sexta-feira, das 14 \u00e0s 15h. Para uma experi\u00eancia inesquec\u00edvel na sede, recomendamos que agende a sua visita para sexta-feira.<\/p>\n<\/dd>\n<dt><img loading=\"lazy\" decoding=\"async\" src=\"https:\/\/www.geocaching.com\/images\/mazelogo_cachetype.jpg\" alt=\"GPS Adventures Maze Exhibit - Large Icon\" width=\"80\" height=\"89\" \/>\u00a0<img loading=\"lazy\" decoding=\"async\" src=\"https:\/\/www.geocaching.com\/images\/WptTypes\/1304.gif\" alt=\"GPS Adventures Maze Exhibit - Small Icon\" width=\"32\" height=\"32\" \/><\/dt>\n<dd>\n<h4>Exibi\u00e7\u00e3o das GPS Adventures Maze<\/h4>\n<p>Uma &#8220;GPS Adventures Exhibit Cache&#8221; implica a presen\u00e7a num evento deste tipo ou variante local do mesmo. &#8220;GPS Adventures Mazes&#8221; s\u00e3o pensadas com o objectivo de ensinar pessoas de todas as idades sobre a tecnologia GPS e o Geocaching atrav\u00e9s de diversas experi\u00eancias interactivas.<\/p>\n<\/dd>\n<dt><img loading=\"lazy\" decoding=\"async\" src=\"https:\/\/www.geocaching.com\/images\/WptTypes\/LabCache_80.png\" alt=\"Lab Geocache - Large Icon\" width=\"80\" height=\"80\" \/>\u00a0<img loading=\"lazy\" decoding=\"async\" src=\"https:\/\/www.geocaching.com\/images\/WptTypes\/labs.png\" alt=\"Lab Geocache - Small Icon\" width=\"32\" height=\"32\" \/><\/dt>\n<dd>\n<h4>Geocaches de Laborat\u00f3rio<\/h4>\n<p>Bem-vindos \u00e0 Pesquisa &amp; Desenvolvimento da sede do Geocaching. Uma Geocache de Laborat\u00f3rio \u00e9 um tipo de geocache experimental e muito raro. Estas geocaches s\u00e3o uma maneira de n\u00f3s inovarmos e testarmos &#8211; muitas vezes a um n\u00edvel molecular &#8211; novas ideias para tornar o geocaching ainda melhor. Ao encontrar uma Geocache de Laborat\u00f3rio, est\u00e1 a ajudar a moldar o futuro do geocaching.<\/p>\n<\/dd>\n<\/dl>\n<p>&nbsp;<\/p>\n","protected":false},"excerpt":{"rendered":"<p>O que \u00e9 o Geocaching? O Geocaching \u00e9 uma ca\u00e7a ao tesouro dos tempos modernos, jogado no mundo inteiro por pessoas com esp\u00edrito aventureiro e equipadas com receptores de GPS. A ideia base do jogo \u00e9 encontrar recipientes escondidos, denominados&#8230;<br \/><a class=\"read-more-button\" href=\"https:\/\/geoalentejo.com\/?page_id=108\">Read more<\/a><\/p>\n","protected":false},"author":1,"featured_media":0,"parent":0,"menu_order":0,"comment_status":"closed","ping_status":"closed","template":"template-full-width.php","meta":{"footnotes":""},"class_list":["post-108","page","type-page","status-publish","hentry"],"_links":{"self":[{"href":"https:\/\/geoalentejo.com\/index.php?rest_route=\/wp\/v2\/pages\/108","targetHints":{"allow":["GET"]}}],"collection":[{"href":"https:\/\/geoalentejo.com\/index.php?rest_route=\/wp\/v2\/pages"}],"about":[{"href":"https:\/\/geoalentejo.com\/index.php?rest_route=\/wp\/v2\/types\/page"}],"author":[{"embeddable":true,"href":"https:\/\/geoalentejo.com\/index.php?rest_route=\/wp\/v2\/users\/1"}],"replies":[{"embeddable":true,"href":"https:\/\/geoalentejo.com\/index.php?rest_route=%2Fwp%2Fv2%2Fcomments&post=108"}],"version-history":[{"count":8,"href":"https:\/\/geoalentejo.com\/index.php?rest_route=\/wp\/v2\/pages\/108\/revisions"}],"predecessor-version":[{"id":204,"href":"https:\/\/geoalentejo.com\/index.php?rest_route=\/wp\/v2\/pages\/108\/revisions\/204"}],"wp:attachment":[{"href":"https:\/\/geoalentejo.com\/index.php?rest_route=%2Fwp%2Fv2%2Fmedia&parent=108"}],"curies":[{"name":"wp","href":"https:\/\/api.w.org\/{rel}","templated":true}]}}