{"id":115,"date":"2015-04-06T21:26:33","date_gmt":"2015-04-06T21:26:33","guid":{"rendered":"https:\/\/geoalentejo.com\/?page_id=115"},"modified":"2016-04-23T16:50:35","modified_gmt":"2016-04-23T16:50:35","slug":"logbooks","status":"publish","type":"page","link":"https:\/\/geoalentejo.com\/?page_id=115","title":{"rendered":"Logbooks"},"content":{"rendered":"<p>&nbsp;<\/p>\n<div class=\"sdm_download_item \"><div class=\"sdm_download_item_top\"><div class=\"sdm_download_thumbnail\"><img decoding=\"async\" class=\"sdm_download_thumbnail_image\" src=\"https:\/\/geoalentejo.com\/wp-content\/uploads\/2016\/04\/pdf.png\" alt = \"Geo Alentejo Logo &#8211; Logbook Nano &#8211; Est\u00e1tico\" \/><\/div><div class=\"sdm_download_title\">Geo Alentejo Logo &#8211; Logbook Nano &#8211; Est\u00e1tico<\/div><\/div><div style=\"clear:both;\"><\/div><div class=\"sdm_download_description\"><p>Logbook tamanho \u201cNano\u201d com o Logotipo do Geo Alentejo, n\u00e3o personaliz\u00e1vel<\/p>\n<\/div><div class=\"sdm_download_link\"><span class=\"sdm_download_button\"><a href=\"https:\/\/geoalentejo.com\/?sdm_process_download=1&download_id=504\" class=\"sdm_download green\" title=\"Geo Alentejo Logo &#8211; Logbook Nano &#8211; Est\u00e1tico\" target=\"_self\">Download Now!<\/a><\/span><span class=\"sdm_download_item_count\"><span class=\"sdm_item_count_number\">984<\/span><span class=\"sdm_item_count_string\"> Downloads<\/span><\/span><\/div><\/div><div class=\"sdm_download_item \"><div class=\"sdm_download_item_top\"><div class=\"sdm_download_thumbnail\"><img decoding=\"async\" class=\"sdm_download_thumbnail_image\" src=\"https:\/\/geoalentejo.com\/wp-content\/uploads\/2016\/04\/pdf.png\" alt = \"Geo Alentejo Logo &#8211; Logbook Micro &#8211; Est\u00e1tico\" \/><\/div><div class=\"sdm_download_title\">Geo Alentejo Logo &#8211; Logbook Micro &#8211; Est\u00e1tico<\/div><\/div><div style=\"clear:both;\"><\/div><div class=\"sdm_download_description\"><p>Logbook tamanho \u201cMicro\u201d com o Logotipo do Geo Alentejo, n\u00e3o personaliz\u00e1vel<\/p>\n<\/div><div class=\"sdm_download_link\"><span class=\"sdm_download_button\"><a href=\"https:\/\/geoalentejo.com\/?sdm_process_download=1&download_id=502\" class=\"sdm_download green\" title=\"Geo Alentejo Logo &#8211; Logbook Micro &#8211; Est\u00e1tico\" target=\"_self\">Download Now!<\/a><\/span><span class=\"sdm_download_item_count\"><span class=\"sdm_item_count_number\">955<\/span><span class=\"sdm_item_count_string\"> Downloads<\/span><\/span><\/div><\/div><div class=\"sdm_download_item \"><div class=\"sdm_download_item_top\"><div class=\"sdm_download_thumbnail\"><img decoding=\"async\" class=\"sdm_download_thumbnail_image\" src=\"https:\/\/geoalentejo.com\/wp-content\/uploads\/2016\/04\/pdf.png\" alt = \"Geo Alentejo Logo &#8211; Logbook Small &#8211; Personaliz\u00e1vel\" \/><\/div><div class=\"sdm_download_title\">Geo Alentejo Logo &#8211; Logbook Small &#8211; Personaliz\u00e1vel<\/div><\/div><div style=\"clear:both;\"><\/div><div class=\"sdm_download_description\"><div class=\"sdm_download_description\">\n<p>Logbook tamanho \u201cSmall\u201d com o Logotipo do Geo Alentejo, personaliz\u00e1vel.<\/p>\n<\/div>\n<\/div><div class=\"sdm_download_link\"><span class=\"sdm_download_button\"><a href=\"https:\/\/geoalentejo.com\/?sdm_process_download=1&download_id=500\" class=\"sdm_download green\" title=\"Geo Alentejo Logo &#8211; Logbook Small &#8211; Personaliz\u00e1vel\" target=\"_self\">Download Now!<\/a><\/span><span class=\"sdm_download_item_count\"><span class=\"sdm_item_count_number\">957<\/span><span class=\"sdm_item_count_string\"> Downloads<\/span><\/span><\/div><\/div><div class=\"sdm_download_item \"><div class=\"sdm_download_item_top\"><div class=\"sdm_download_thumbnail\"><img decoding=\"async\" class=\"sdm_download_thumbnail_image\" src=\"https:\/\/geoalentejo.com\/wp-content\/uploads\/2016\/04\/pdf.png\" alt = \"Geo Alentejo Logo &#8211; Logbook Small &#8211; Est\u00e1tico\" \/><\/div><div class=\"sdm_download_title\">Geo Alentejo Logo &#8211; Logbook Small &#8211; Est\u00e1tico<\/div><\/div><div style=\"clear:both;\"><\/div><div class=\"sdm_download_description\"><p>Logbook tamanho \u201cSmall\u201d com o Logotipo do Geo Alentejo, n\u00e3o personaliz\u00e1vel<\/p>\n<\/div><div class=\"sdm_download_link\"><span class=\"sdm_download_button\"><a href=\"https:\/\/geoalentejo.com\/?sdm_process_download=1&download_id=498\" class=\"sdm_download green\" title=\"Geo Alentejo Logo &#8211; Logbook Small &#8211; Est\u00e1tico\" target=\"_self\">Download Now!<\/a><\/span><span class=\"sdm_download_item_count\"><span class=\"sdm_item_count_number\">961<\/span><span class=\"sdm_item_count_string\"> Downloads<\/span><\/span><\/div><\/div><div class=\"sdm_download_item \"><div class=\"sdm_download_item_top\"><div class=\"sdm_download_thumbnail\"><img decoding=\"async\" class=\"sdm_download_thumbnail_image\" src=\"https:\/\/geoalentejo.com\/wp-content\/uploads\/2016\/04\/pdf.png\" alt = \"Geo Alentejo Alentejano &#8211; Logbook Small &#8211; Personaliz\u00e1vel\" \/><\/div><div class=\"sdm_download_title\">Geo Alentejo Alentejano &#8211; Logbook Small &#8211; Personaliz\u00e1vel<\/div><\/div><div style=\"clear:both;\"><\/div><div class=\"sdm_download_description\"><p>Logbook tamanho \u201cSmall\u201d com o Alentejano do Geo Alentejo, personaliz\u00e1vel.<\/p>\n<\/div><div class=\"sdm_download_link\"><span class=\"sdm_download_button\"><a href=\"https:\/\/geoalentejo.com\/?sdm_process_download=1&download_id=496\" class=\"sdm_download green\" title=\"Geo Alentejo Alentejano &#8211; Logbook Small &#8211; Personaliz\u00e1vel\" target=\"_self\">Download Now!<\/a><\/span><span class=\"sdm_download_item_count\"><span class=\"sdm_item_count_number\">973<\/span><span class=\"sdm_item_count_string\"> Downloads<\/span><\/span><\/div><\/div><div class=\"sdm_download_item \"><div class=\"sdm_download_item_top\"><div class=\"sdm_download_thumbnail\"><img decoding=\"async\" class=\"sdm_download_thumbnail_image\" src=\"https:\/\/geoalentejo.com\/wp-content\/uploads\/2016\/04\/pdf.png\" alt = \"Geo Alentejo Alentejano &#8211; Logbook Small &#8211; Est\u00e1tico\" \/><\/div><div class=\"sdm_download_title\">Geo Alentejo Alentejano &#8211; Logbook Small &#8211; Est\u00e1tico<\/div><\/div><div style=\"clear:both;\"><\/div><div class=\"sdm_download_description\"><p>Logbook tamanho \u201cSmall\u201d com o Alentejano do Geo Alentejo, n\u00e3o personaliz\u00e1vel<\/p>\n<\/div><div class=\"sdm_download_link\"><span class=\"sdm_download_button\"><a href=\"https:\/\/geoalentejo.com\/?sdm_process_download=1&download_id=494\" class=\"sdm_download green\" title=\"Geo Alentejo Alentejano &#8211; Logbook Small &#8211; Est\u00e1tico\" target=\"_self\">Download Now!<\/a><\/span><span class=\"sdm_download_item_count\"><span class=\"sdm_item_count_number\">979<\/span><span class=\"sdm_item_count_string\"> Downloads<\/span><\/span><\/div><\/div><div class=\"sdm_download_item \"><div class=\"sdm_download_item_top\"><div class=\"sdm_download_thumbnail\"><img decoding=\"async\" class=\"sdm_download_thumbnail_image\" src=\"https:\/\/geoalentejo.com\/wp-content\/uploads\/2016\/04\/pdf.png\" alt = \"Geo Alentejo Logo &#8211; FTF &#8211; Logbook Small &#8211; Personaliz\u00e1vel\" \/><\/div><div class=\"sdm_download_title\">Geo Alentejo Logo &#8211; FTF &#8211; Logbook Small &#8211; Personaliz\u00e1vel<\/div><\/div><div style=\"clear:both;\"><\/div><div class=\"sdm_download_description\"><p>Logbook tamanho \u201cSmall\u201d com o Logotipo do Geo Alentejo, vers\u00e3o com FTF, STF e TTF, personaliz\u00e1vel.<\/p>\n<\/div><div class=\"sdm_download_link\"><span class=\"sdm_download_button\"><a href=\"https:\/\/geoalentejo.com\/?sdm_process_download=1&download_id=492\" class=\"sdm_download green\" title=\"Geo Alentejo Logo &#8211; FTF &#8211; Logbook Small &#8211; Personaliz\u00e1vel\" target=\"_self\">Download Now!<\/a><\/span><span class=\"sdm_download_item_count\"><span class=\"sdm_item_count_number\">968<\/span><span class=\"sdm_item_count_string\"> Downloads<\/span><\/span><\/div><\/div><div class=\"sdm_download_item \"><div class=\"sdm_download_item_top\"><div class=\"sdm_download_thumbnail\"><img decoding=\"async\" class=\"sdm_download_thumbnail_image\" src=\"https:\/\/geoalentejo.com\/wp-content\/uploads\/2016\/04\/pdf.png\" alt = \"Geo-Alentejo-Logo-FTF-Logbook-Small-Est\u00e1tico\" \/><\/div><div class=\"sdm_download_title\">Geo-Alentejo-Logo-FTF-Logbook-Small-Est\u00e1tico<\/div><\/div><div style=\"clear:both;\"><\/div><div class=\"sdm_download_description\"><div class=\"sdm_download_description\">\n<p>Logbook tamanho \u201cSmall\u201d com o Logotipo do Geo Alentejo, vers\u00e3o com FTF, STF e TTF, n\u00e3o personaliz\u00e1vel<\/p>\n<\/div>\n<\/div><div class=\"sdm_download_link\"><span class=\"sdm_download_button\"><a href=\"https:\/\/geoalentejo.com\/?sdm_process_download=1&download_id=490\" class=\"sdm_download green\" title=\"Geo-Alentejo-Logo-FTF-Logbook-Small-Est\u00e1tico\" target=\"_self\">Download Now!<\/a><\/span><span class=\"sdm_download_item_count\"><span class=\"sdm_item_count_number\">1018<\/span><span class=\"sdm_item_count_string\"> Downloads<\/span><\/span><\/div><\/div><div class=\"sdm_download_item \"><div class=\"sdm_download_item_top\"><div class=\"sdm_download_thumbnail\"><img decoding=\"async\" class=\"sdm_download_thumbnail_image\" src=\"https:\/\/geoalentejo.com\/wp-content\/uploads\/2016\/04\/pdf.png\" alt = \"Geo-Alentejo-Alentejano-FTF-Logbook-Small-Personaliz\u00e1vel\" \/><\/div><div class=\"sdm_download_title\">Geo-Alentejo-Alentejano-FTF-Logbook-Small-Personaliz\u00e1vel<\/div><\/div><div style=\"clear:both;\"><\/div><div class=\"sdm_download_description\"><p>Logbook tamanho \u201cSmall\u201d com o Alentejano do Geo Alentejo, vers\u00e3o com FTF, STF e TTF, personaliz\u00e1vel.<\/p>\n<\/div><div class=\"sdm_download_link\"><span class=\"sdm_download_button\"><a href=\"https:\/\/geoalentejo.com\/?sdm_process_download=1&download_id=484\" class=\"sdm_download green\" title=\"Geo-Alentejo-Alentejano-FTF-Logbook-Small-Personaliz\u00e1vel\" target=\"_self\">Download Now!<\/a><\/span><span class=\"sdm_download_item_count\"><span class=\"sdm_item_count_number\">1041<\/span><span class=\"sdm_item_count_string\"> Downloads<\/span><\/span><\/div><\/div><div class=\"sdm_download_item \"><div class=\"sdm_download_item_top\"><div class=\"sdm_download_thumbnail\"><img decoding=\"async\" class=\"sdm_download_thumbnail_image\" src=\"https:\/\/geoalentejo.com\/wp-content\/uploads\/2016\/04\/pdf.png\" alt = \"Geo Alentejo Alentejano &#8211; FTF &#8211; Logbook Small &#8211; Est\u00e1tico\" \/><\/div><div class=\"sdm_download_title\">Geo Alentejo Alentejano &#8211; FTF &#8211; Logbook Small &#8211; Est\u00e1tico<\/div><\/div><div style=\"clear:both;\"><\/div><div class=\"sdm_download_description\"><p>Logbook tamanho &#8220;Small&#8221; com o Alentejano do Geo Alentejo, vers\u00e3o com FTF, STF e TTF, n\u00e3o personaliz\u00e1vel<\/p>\n<\/div><div class=\"sdm_download_link\"><span class=\"sdm_download_button\"><a href=\"https:\/\/geoalentejo.com\/?sdm_process_download=1&download_id=479\" class=\"sdm_download green\" title=\"Geo Alentejo Alentejano &#8211; FTF &#8211; Logbook Small &#8211; Est\u00e1tico\" target=\"_self\">Download Now!<\/a><\/span><span class=\"sdm_download_item_count\"><span class=\"sdm_item_count_number\">1014<\/span><span class=\"sdm_item_count_string\"> Downloads<\/span><\/span><\/div><\/div><div class=\"sdm_clear_float\"><\/div>\n","protected":false},"excerpt":{"rendered":"<p>&nbsp;<\/p>\n","protected":false},"author":1,"featured_media":509,"parent":0,"menu_order":0,"comment_status":"closed","ping_status":"closed","template":"","meta":{"footnotes":""},"class_list":["post-115","page","type-page","status-publish","has-post-thumbnail","hentry"],"_links":{"self":[{"href":"https:\/\/geoalentejo.com\/index.php?rest_route=\/wp\/v2\/pages\/115","targetHints":{"allow":["GET"]}}],"collection":[{"href":"https:\/\/geoalentejo.com\/index.php?rest_route=\/wp\/v2\/pages"}],"about":[{"href":"https:\/\/geoalentejo.com\/index.php?rest_route=\/wp\/v2\/types\/page"}],"author":[{"embeddable":true,"href":"https:\/\/geoalentejo.com\/index.php?rest_route=\/wp\/v2\/users\/1"}],"replies":[{"embeddable":true,"href":"https:\/\/geoalentejo.com\/index.php?rest_route=%2Fwp%2Fv2%2Fcomments&post=115"}],"version-history":[{"count":9,"href":"https:\/\/geoalentejo.com\/index.php?rest_route=\/wp\/v2\/pages\/115\/revisions"}],"predecessor-version":[{"id":508,"href":"https:\/\/geoalentejo.com\/index.php?rest_route=\/wp\/v2\/pages\/115\/revisions\/508"}],"wp:featuredmedia":[{"embeddable":true,"href":"https:\/\/geoalentejo.com\/index.php?rest_route=\/wp\/v2\/media\/509"}],"wp:attachment":[{"href":"https:\/\/geoalentejo.com\/index.php?rest_route=%2Fwp%2Fv2%2Fmedia&parent=115"}],"curies":[{"name":"wp","href":"https:\/\/api.w.org\/{rel}","templated":true}]}}