{"id":21640,"date":"2024-01-11T01:20:27","date_gmt":"2024-01-11T01:20:27","guid":{"rendered":"https:\/\/geoalentejo.com\/?page_id=21640"},"modified":"2024-01-12T20:00:15","modified_gmt":"2024-01-12T20:00:15","slug":"inscritos-11o-aniversario","status":"publish","type":"page","link":"https:\/\/geoalentejo.com\/?page_id=21640","title":{"rendered":"Inscritos &#8211; 11\u00ba Anivers\u00e1rio"},"content":{"rendered":"<p>Devido ao limite de inscri\u00e7\u00f5es em algumas atividades do evento, somos obrigados a criar uma lista de inscritos para cada uma delas, onde est\u00e3o confirmados os participantes por ordem de inscri\u00e7\u00e3o. Os participantes que n\u00e3o t\u00eam vaga dispon\u00edvel ficam como suplentes, entrando nas atividades caso exista alguma desist\u00eancia.<\/p><p>Caso n\u00e3o consigam participar em alguma das atividades propostas, avisem-nos com a maior brevidade poss\u00edvel de forma a conseguirmos gerir a lista de inscritos da forma mais justa poss\u00edvel.<\/p><h4 class=\"wp-block-heading\">Ultima atualiza\u00e7\u00e3o:  \u00a012\/01\/2023 &#8211; 20:00<\/h4><h4 class=\"wp-block-heading\">Visita ao Museu Berardo &#8211; Estremoz (Limite: 70 Pessoas)<\/h4><table class=\"wp-block-table\"><tbody><tr><td>Geocaching\n  Nickname<\/td><td>N\u00famero de\n  Pessoas<\/td><td>Estado<\/td><\/tr><tr><td>ZFMeendes<\/td><td>2<\/td><td>Confirmado<\/td><\/tr><tr><td>Pdar team<\/td><td>2<\/td><td>Confirmado<\/td><\/tr><tr><td>Brunok15<\/td><td>1<\/td><td>Confirmado<\/td><\/tr><tr><td>Mlyz<\/td><td>1<\/td><td>Confirmado<\/td><\/tr><tr><td>Team Gardunha<\/td><td>2<\/td><td>Confirmado<\/td><\/tr><tr><td>Os Covinhas,\n  Afrancesinha&nbsp;<\/td><td>3<\/td><td>Confirmado<\/td><\/tr><tr><td>Dropout<\/td><td>4<\/td><td>Confirmado<\/td><\/tr><tr><td>Mbreeze<\/td><td>1<\/td><td>Confirmado<\/td><\/tr><tr><td>AntJesus<\/td><td>1<\/td><td>Confirmado<\/td><\/tr><tr><td>Mafilll<\/td><td>2<\/td><td>Confirmado<\/td><\/tr><tr><td>ReinaP<\/td><td>1<\/td><td>Confirmado<\/td><\/tr><tr><td>Decauh<\/td><td>1<\/td><td>Confirmado<\/td><\/tr><tr><td>AlphaOscar<\/td><td>2<\/td><td>Confirmado<\/td><\/tr><tr><td>Team Barbaleta<\/td><td>2<\/td><td>Confirmado<\/td><\/tr><tr><td>Filipona*<\/td><td>2<\/td><td>Confirmado<\/td><\/tr><tr><td>Fora da Caixa<\/td><td>2<\/td><td>Confirmado<\/td><\/tr><tr><td>M\u00f3ce M\u00f3!<\/td><td>2<\/td><td>Confirmado<\/td><\/tr><tr><td>FTav<\/td><td>2<\/td><td>Confirmado<\/td><\/tr><tr><td>rm.guerreiro<\/td><td>1<\/td><td>Confirmado<\/td><\/tr><tr><td>Bitoque446<\/td><td>2<\/td><td>Confirmado<\/td><\/tr><tr><td>FLParreira<\/td><td>2<\/td><td>Confirmado<\/td><\/tr><tr><td>Kalaxa<\/td><td>4<\/td><td>Confirmado<\/td><\/tr><tr><td>dakidali<\/td><td>3<\/td><td>Confirmado<\/td><\/tr><tr><td>Mr. Magoo<\/td><td>2<\/td><td>Confirmado<\/td><\/tr><tr><td>vmas69&nbsp;<\/td><td>1<\/td><td>Confirmado<\/td><\/tr><tr><td>Bact\u00e9rias&nbsp;<\/td><td>1<\/td><td>Confirmado<\/td><\/tr><tr><td>LCC84<\/td><td>2<\/td><td>Confirmado<\/td><\/tr><tr><td>Pocoyo &amp;\n  tuchat<\/td><td>1<\/td><td>Confirmado<\/td><\/tr><tr><td>Andr\u00e9.L\u00facia<\/td><td>3<\/td><td>Confirmado<\/td><\/tr><tr><td>Aurmig<\/td><td>2<\/td><td>Confirmado<\/td><\/tr><tr><td>ToKayx<\/td><td>2<\/td><td>Confirmado<\/td><\/tr><tr><td>Reis&amp;Reis<\/td><td>2<\/td><td>Confirmado<\/td><\/tr><tr><td>Medieval_Team&nbsp;<\/td><td>2<\/td><td>Confirmado<\/td><\/tr><tr><td>Verycond<\/td><td>3<\/td><td>Confirmado<\/td><\/tr><tr><td>MikeTeam<\/td><td>2<\/td><td>Confirmado<\/td><\/tr><tr><td>Heuropeu<\/td><td>1<\/td><td>Confirmado<\/td><\/tr><tr><td>annastar3<\/td><td>1<\/td><td>Confirmado<\/td><\/tr><tr><td>Bmps2003<\/td><td>1<\/td><td>Suplente 1<\/td><\/tr><tr><td>Sarnadinha&#8217;s team<\/td><td>1<\/td><td>Suplente 2<\/td><\/tr><tr><td>HEADSKIN<\/td><td>1<\/td><td>Suplente 3<\/td><\/tr><tr><td>Elias70<\/td><td>1<\/td><td>Suplente 4<\/td><\/tr><tr><td>Os_F\u00e9lix<\/td><td>4<\/td><td>Suplente 5<\/td><\/tr><tr><td>SamIvo<\/td><td>4<\/td><td>Suplente 6<\/td><\/tr><tr><td>Carvalhofme<\/td><td>2<\/td><td>Suplente 7<\/td><\/tr><\/tbody><\/table><h4 class=\"wp-block-heading\">Visita ao Centro Interpretativo do Boneco de Estremoz (Limite: 61 Pessoas)<\/h4><table class=\"wp-block-table\"><tbody><tr><td>Geocaching\n  Nickname<\/td><td>N\u00famero de\n  Pessoas<\/td><td>Estado<\/td><\/tr><tr><td>ZFMeendes<\/td><td>2<\/td><td>Confirmado<\/td><\/tr><tr><td>Brunok15<\/td><td>1<\/td><td>Confirmado<\/td><\/tr><tr><td>Mlyz<\/td><td>1<\/td><td>Confirmado<\/td><\/tr><tr><td>Team Gardunha<\/td><td>2<\/td><td>Confirmado<\/td><\/tr><tr><td>Os Covinhas,\n  Afrancesinha&nbsp;<\/td><td>3<\/td><td>Confirmado<\/td><\/tr><tr><td>CeiraGeoTeam<\/td><td>2<\/td><td>Confirmado<\/td><\/tr><tr><td>Dropout<\/td><td>4<\/td><td>Confirmado<\/td><\/tr><tr><td>Mbreeze<\/td><td>1<\/td><td>Confirmado<\/td><\/tr><tr><td>AntJesus<\/td><td>1<\/td><td>Confirmado<\/td><\/tr><tr><td>Mafilll<\/td><td>2<\/td><td>Confirmado<\/td><\/tr><tr><td>AlphaOscar<\/td><td>2<\/td><td>Confirmado<\/td><\/tr><tr><td>Team Barbaleta<\/td><td>2<\/td><td>Confirmado<\/td><\/tr><tr><td>Filipona*<\/td><td>2<\/td><td>Confirmado<\/td><\/tr><tr><td>Fora da Caixa<\/td><td>2<\/td><td>Confirmado<\/td><\/tr><tr><td>M\u00f3ce M\u00f3!<\/td><td>2<\/td><td>Confirmado<\/td><\/tr><tr><td>FTav<\/td><td>2<\/td><td>Confirmado<\/td><\/tr><tr><td>rm.guerreiro<\/td><td>1<\/td><td>Confirmado<\/td><\/tr><tr><td>Bitoque446<\/td><td>2<\/td><td>Confirmado<\/td><\/tr><tr><td>FLParreira<\/td><td>2<\/td><td>Confirmado<\/td><\/tr><tr><td>Kalaxa<\/td><td>4<\/td><td>Confirmado<\/td><\/tr><tr><td>dakidali<\/td><td>3<\/td><td>Confirmado<\/td><\/tr><tr><td>Mr. Magoo<\/td><td>2<\/td><td>Confirmado<\/td><\/tr><tr><td>vmas69&nbsp;<\/td><td>1<\/td><td>Confirmado<\/td><\/tr><tr><td>Bact\u00e9rias&nbsp;<\/td><td>1<\/td><td>Confirmado<\/td><\/tr><tr><td>Andr\u00e9.L\u00facia<\/td><td>3<\/td><td>Confirmado<\/td><\/tr><tr><td>Aurmig<\/td><td>2<\/td><td>Confirmado<\/td><\/tr><tr><td>Reis&amp;Reis<\/td><td>2<\/td><td>Confirmado<\/td><\/tr><tr><td>Medieval_Team&nbsp;<\/td><td>2<\/td><td>Confirmado<\/td><\/tr><tr><td>Verycond<\/td><td>3<\/td><td>Confirmado<\/td><\/tr><tr><td>Bmps2003<\/td><td>1<\/td><td>Confirmado<\/td><\/tr><tr><td>Fields111<\/td><td>2<\/td><td>Confirmado<\/td><\/tr><tr><td>Sarnadinha&#8217;s team<\/td><td>1<\/td><td>Suplente 1<\/td><\/tr><tr><td>Elias70<\/td><td>1<\/td><td>Suplente 2<\/td><\/tr><tr><td>neiaeadry<\/td><td>2<\/td><td>Suplente 3<\/td><\/tr><tr><td>Os_F\u00e9lix<\/td><td>4<\/td><td>Suplente 4<\/td><\/tr><tr><td>SamIvo<\/td><td>4<\/td><td>Suplente 5<\/td><\/tr><tr><td>Carvalhofme<\/td><td>2<\/td><td>Suplente 6<\/td><\/tr><\/tbody><\/table><h4 class=\"wp-block-heading\">Visita Guiada ao Centro de Estremoz (Limite: 54 Pessoas)<\/h4><table class=\"wp-block-table\"><tbody><tr><td>Geocaching\n  Nickname<\/td><td>N\u00famero de\n  Pessoas<\/td><td>Estado<\/td><\/tr><tr><td>ZFMeendes<\/td><td>2<\/td><td>Confirmado<\/td><\/tr><tr><td>Brunok15<\/td><td>1<\/td><td>Confirmado<\/td><\/tr><tr><td>Mlyz<\/td><td>1<\/td><td>Confirmado<\/td><\/tr><tr><td>Team Gardunha<\/td><td>2<\/td><td>Confirmado<\/td><\/tr><tr><td>Os Covinhas,\n  Afrancesinha&nbsp;<\/td><td>3<\/td><td>Confirmado<\/td><\/tr><tr><td>CeiraGeoTeam<\/td><td>2<\/td><td>Confirmado<\/td><\/tr><tr><td>Dropout<\/td><td>4<\/td><td>Confirmado<\/td><\/tr><tr><td>Mafilll<\/td><td>2<\/td><td>Confirmado<\/td><\/tr><tr><td>AlphaOscar<\/td><td>2<\/td><td>Confirmado<\/td><\/tr><tr><td>M\u00f3ce M\u00f3!<\/td><td>2<\/td><td>Confirmado<\/td><\/tr><tr><td>FTav<\/td><td>2<\/td><td>Confirmado<\/td><\/tr><tr><td>rm.guerreiro<\/td><td>1<\/td><td>Confirmado<\/td><\/tr><tr><td>Bitoque446<\/td><td>2<\/td><td>Confirmado<\/td><\/tr><tr><td>FLParreira<\/td><td>2<\/td><td>Confirmado<\/td><\/tr><tr><td>Kalaxa<\/td><td>4<\/td><td>Confirmado<\/td><\/tr><tr><td>Mr. Magoo<\/td><td>2<\/td><td>Confirmado<\/td><\/tr><tr><td>vmas69&nbsp;<\/td><td>1<\/td><td>Confirmado<\/td><\/tr><tr><td>Bact\u00e9rias&nbsp;<\/td><td>1<\/td><td>Confirmado<\/td><\/tr><tr><td>Andr\u00e9.L\u00facia<\/td><td>3<\/td><td>Confirmado<\/td><\/tr><tr><td>Aurmig<\/td><td>2<\/td><td>Confirmado<\/td><\/tr><tr><td>Nakamateamhuelva&nbsp;<\/td><td>2<\/td><td>Confirmado<\/td><\/tr><tr><td>Reis&amp;Reis<\/td><td>2<\/td><td>Confirmado<\/td><\/tr><tr><td>Medieval_Team&nbsp;<\/td><td>2<\/td><td>Confirmado<\/td><\/tr><tr><td>Verycond<\/td><td>3<\/td><td>Confirmado<\/td><\/tr><tr><td>Bmps2003<\/td><td>1<\/td><td>Confirmado<\/td><\/tr><tr><td>Fields111<\/td><td>2<\/td><td>Confirmado<\/td><\/tr><tr><td>Sarnadinha&#8217;s team<\/td><td>1<\/td><td>Confirmado<\/td><\/tr><tr><td>Elias70<\/td><td>1<\/td><td>Suplente 1<\/td><\/tr><tr><td>neiaeadry<\/td><td>2<\/td><td>Suplente 2<\/td><\/tr><tr><td>Os_F\u00e9lix<\/td><td>4<\/td><td>Suplente 3<\/td><\/tr><tr><td>SamIvo<\/td><td>4<\/td><td>Suplente 4<\/td><\/tr><tr><td>Carvalhofme<\/td><td>2<\/td><td>Suplente 5<\/td><\/tr><\/tbody><\/table>","protected":false},"excerpt":{"rendered":"<p>Devido ao limite de inscri\u00e7\u00f5es em algumas atividades do evento, somos obrigados a criar uma lista de inscritos para cada uma delas, onde est\u00e3o confirmados os participantes por ordem de inscri\u00e7\u00e3o. Os participantes que n\u00e3o t\u00eam vaga dispon\u00edvel ficam como&#8230;<br \/><a class=\"read-more-button\" href=\"https:\/\/geoalentejo.com\/?page_id=21640\">Read more<\/a><\/p>\n","protected":false},"author":1,"featured_media":0,"parent":0,"menu_order":0,"comment_status":"closed","ping_status":"closed","template":"","meta":{"footnotes":""},"class_list":["post-21640","page","type-page","status-publish","hentry"],"_links":{"self":[{"href":"https:\/\/geoalentejo.com\/index.php?rest_route=\/wp\/v2\/pages\/21640","targetHints":{"allow":["GET"]}}],"collection":[{"href":"https:\/\/geoalentejo.com\/index.php?rest_route=\/wp\/v2\/pages"}],"about":[{"href":"https:\/\/geoalentejo.com\/index.php?rest_route=\/wp\/v2\/types\/page"}],"author":[{"embeddable":true,"href":"https:\/\/geoalentejo.com\/index.php?rest_route=\/wp\/v2\/users\/1"}],"replies":[{"embeddable":true,"href":"https:\/\/geoalentejo.com\/index.php?rest_route=%2Fwp%2Fv2%2Fcomments&post=21640"}],"version-history":[{"count":10,"href":"https:\/\/geoalentejo.com\/index.php?rest_route=\/wp\/v2\/pages\/21640\/revisions"}],"predecessor-version":[{"id":21656,"href":"https:\/\/geoalentejo.com\/index.php?rest_route=\/wp\/v2\/pages\/21640\/revisions\/21656"}],"wp:attachment":[{"href":"https:\/\/geoalentejo.com\/index.php?rest_route=%2Fwp%2Fv2%2Fmedia&parent=21640"}],"curies":[{"name":"wp","href":"https:\/\/api.w.org\/{rel}","templated":true}]}}