{"id":21658,"date":"2024-12-02T11:58:30","date_gmt":"2024-12-02T11:58:30","guid":{"rendered":"https:\/\/geoalentejo.com\/?page_id=21658"},"modified":"2024-12-13T10:46:06","modified_gmt":"2024-12-13T10:46:06","slug":"geo-foto-gaviao-regras","status":"publish","type":"page","link":"https:\/\/geoalentejo.com\/?page_id=21658","title":{"rendered":"Geo Foto @ Gavi\u00e3o &#8211; Regras"},"content":{"rendered":"<ol class=\"wp-block-list\"><li>Realiza-se no dia 11 de Janeiro de 2025, entre\nas 10H00 e as 18H00 e ser\u00e1 uma maratona fotogr\u00e1fica no Municipio de Gavi\u00e3o.<\/li><li>A participa\u00e7\u00e3o no evento, obriga \u00e0 aceita\u00e7\u00e3o das\nregras de participa\u00e7\u00e3o e \u00e0 autoriza\u00e7\u00e3o da publica\u00e7\u00e3o das fotografias na p\u00e1gina\ndo Facebook (p\u00e1gina Geo Alentejo), no \u00e2mbito deste concurso.<\/li><li>Podem participar todos os interessados, em\nequipas de 2 a 4 participantes, com respectivo nome de equipa. As inscri\u00e7\u00f5es\ns\u00e3o feitas&nbsp;no acto do check-in do evento.<\/li><li>Cada equipa poder\u00e1 apresentar a concurso duas\nfotografias por tema, que tenham sido tiradas durante e no local do evento. As\nfotografias dever\u00e3o ter a indica\u00e7\u00e3o do ponto onde foram tiradas, nome do autor\n(participante e\/ou da equipa) e tema em que s\u00e3o submetidas.<\/li><li>As fotografias devem ser enviadas at\u00e9 ao dia 18\nde Janeiro de 2025, para o mail geofoto.gaviao@gmail.com. Sendo acompanhadas\ncom os dados do autor (nome equipa, nicks Geocaching, e-mail e telefone do\nrespons\u00e1vel).<\/li><li>As fotografias submetidas, estar\u00e3o em vota\u00e7\u00e3o\nentre os dias 22 e 31 de Janeiro de 2025. Sendo divulgadas as fotos vencedoras\nno dia 1 de Fevereiro de 2025.<\/li><li>As fotografias que n\u00e3o forem entregues com os\ndados solicitados e fora da data n\u00e3o ser\u00e3o consideradas para o concurso.<\/li><li>As fotografias n\u00e3o poder\u00e3o ser alteradas ou\nmelhoradas digitalmente.<\/li><li>A vota\u00e7\u00e3o ser\u00e1 realizada pelos participantes,\nnuma plataforma enviada pela organiza\u00e7\u00e3o.<\/li><li>N\u00e3o ser\u00e1 permitida a vota\u00e7\u00e3o do participante nas\npr\u00f3prias fotografias.<\/li><li>Ser\u00e3o atribuitos pontos extra, caso sejam\nvisitados os locais sugeridos pela organiza\u00e7\u00e3o.<\/li><li>A classifica\u00e7\u00e3o final ser\u00e1 atribu\u00edda atrav\u00e9s do\nsomat\u00f3rio do n\u00famero de pontos&nbsp;obtidos\npor cada fotografia e locais visitados por cada equipa.<\/li><li>Ser\u00e3o atribu\u00eddos pr\u00e9mios para as melhores\nfotografias: <\/li><\/ol><ul class=\"wp-block-list\"><li>1\u00ba Lugar:  (por anunciar)<\/li><li>2\u00ba Lugar:  (por anunciar) <\/li><li>3\u00ba Lugar:  (por anunciar) <\/li><\/ul><ol class=\"wp-block-list\"><li>Os casos omissos a este regulamento ser\u00e3o\ndecididos pela organiza\u00e7\u00e3o.<\/li><li>No dia do evento ser\u00e1 entregue um passaporte com\na indica\u00e7\u00e3o dos locais sugeridos e dos respectivos temas do concurso\nfotogr\u00e1fico.<\/li><li>O passaporte dever\u00e1 ser devolvido at\u00e9 as 12H00\ndo dia 12 de Janeiro de 2025, \u00e0 organiza\u00e7\u00e3o.<\/li><\/ol><p>Votos\nde uma excelente Maratona Fotogr\u00e1fica!<\/p>","protected":false},"excerpt":{"rendered":"<p>Realiza-se no dia 11 de Janeiro de 2025, entre as 10H00 e as 18H00 e ser\u00e1 uma maratona fotogr\u00e1fica no Municipio de Gavi\u00e3o. A participa\u00e7\u00e3o no evento, obriga \u00e0 aceita\u00e7\u00e3o das regras de participa\u00e7\u00e3o e \u00e0 autoriza\u00e7\u00e3o da publica\u00e7\u00e3o das&#8230;<br \/><a class=\"read-more-button\" href=\"https:\/\/geoalentejo.com\/?page_id=21658\">Read more<\/a><\/p>\n","protected":false},"author":1,"featured_media":0,"parent":0,"menu_order":0,"comment_status":"closed","ping_status":"closed","template":"","meta":{"footnotes":""},"class_list":["post-21658","page","type-page","status-publish","hentry"],"_links":{"self":[{"href":"https:\/\/geoalentejo.com\/index.php?rest_route=\/wp\/v2\/pages\/21658","targetHints":{"allow":["GET"]}}],"collection":[{"href":"https:\/\/geoalentejo.com\/index.php?rest_route=\/wp\/v2\/pages"}],"about":[{"href":"https:\/\/geoalentejo.com\/index.php?rest_route=\/wp\/v2\/types\/page"}],"author":[{"embeddable":true,"href":"https:\/\/geoalentejo.com\/index.php?rest_route=\/wp\/v2\/users\/1"}],"replies":[{"embeddable":true,"href":"https:\/\/geoalentejo.com\/index.php?rest_route=%2Fwp%2Fv2%2Fcomments&post=21658"}],"version-history":[{"count":2,"href":"https:\/\/geoalentejo.com\/index.php?rest_route=\/wp\/v2\/pages\/21658\/revisions"}],"predecessor-version":[{"id":21684,"href":"https:\/\/geoalentejo.com\/index.php?rest_route=\/wp\/v2\/pages\/21658\/revisions\/21684"}],"wp:attachment":[{"href":"https:\/\/geoalentejo.com\/index.php?rest_route=%2Fwp%2Fv2%2Fmedia&parent=21658"}],"curies":[{"name":"wp","href":"https:\/\/api.w.org\/{rel}","templated":true}]}}