{"id":21672,"date":"2024-12-11T11:15:06","date_gmt":"2024-12-11T11:15:06","guid":{"rendered":"https:\/\/geoalentejo.com\/?page_id=21672"},"modified":"2026-01-13T09:28:36","modified_gmt":"2026-01-13T09:28:36","slug":"ii-baja-tb-alentejo","status":"publish","type":"page","link":"https:\/\/geoalentejo.com\/?page_id=21672","title":{"rendered":"II Baja TB Alentejo"},"content":{"rendered":"<div class=\"wp-block-image is-resized\"><figure class=\"aligncenter\"><img loading=\"lazy\" decoding=\"async\" width=\"2024\" height=\"2024\" src=\"https:\/\/geoalentejo.com\/wp-content\/uploads\/2024\/12\/caracoli-2-2024x2024.jpg\" alt=\"\" class=\"wp-image-21696\" srcset=\"https:\/\/geoalentejo.com\/wp-content\/uploads\/2024\/12\/caracoli-2-2024x2024.jpg 2024w, https:\/\/geoalentejo.com\/wp-content\/uploads\/2024\/12\/caracoli-2-150x150.jpg 150w, https:\/\/geoalentejo.com\/wp-content\/uploads\/2024\/12\/caracoli-2-300x300.jpg 300w, https:\/\/geoalentejo.com\/wp-content\/uploads\/2024\/12\/caracoli-2-768x768.jpg 768w, https:\/\/geoalentejo.com\/wp-content\/uploads\/2024\/12\/caracoli-2-1170x1170.jpg 1170w, https:\/\/geoalentejo.com\/wp-content\/uploads\/2024\/12\/caracoli-2-600x600.jpg 600w, https:\/\/geoalentejo.com\/wp-content\/uploads\/2024\/12\/caracoli-2-100x100.jpg 100w\" sizes=\"auto, (max-width: 2024px) 100vw, 2024px\" \/><\/figure><\/div><h3 class=\"wp-block-heading\">Classifica\u00e7\u00e3o Final:<\/h3><div style='width:740px; font-family: Verdana, Arial, sans-serif; font-size: 13px; text-align: center;'>\n<table style='width:740px; font-family: Verdana, Arial, sans-serif; font-size: 13px; text-align: left;'>\n<th style='background: #d8cd9d;' colspan='2' align='Center'>Classifica\u00e7\u00e3o<\/th>\n<tr>\n<td style='background: #e3ddc2;'>Total de Participantes:<\/td>\n<td style='background: #e3ddc2;'><b>20<\/b><\/td>\n<\/tr>\n<tr>\n<td style='background: #e3ddc2;'>Maior # de Logs:<\/td>\n<td style='background: #e3ddc2;'><a href=\"http:\/\/coord.info\/TBAA0EK\">TBAA0EK<\/a> com <b>2505<\/b> logs, atualmente em <a href=\"http:\/\/coord.info\/GC44EZW\">GC44EZW<\/a> <img align ='top' vspace='1'  alt='Budapest, Portugal' title='Budapest, Portugal' src='http:\/\/gsak.net\/stats\/flags\/PT.gif'\/><\/td>\n<\/tr>\n<tr>\n<td style='background: #e3ddc2;'>Maior # de Km:<\/td>\n<td style='background: #e3ddc2;'><a href=\"http:\/\/coord.info\/TBAA0DN\">TBAA0DN<\/a> com <b>18113<\/b> km, atualmente em <a href=\"http:\/\/coord.info\/GC8B419\">GC8B419<\/a> <img align ='top' vspace='1'  alt='Grand-Est, France' title='Grand-Est, France' src='http:\/\/gsak.net\/stats\/flags\/FR.gif'\/><\/td>\n<\/tr>\n<tr>\n<td style='background: #e3ddc2;'>Maior dist\u00e2ncia desde a partida:<\/td>\n<td style='background: #e3ddc2;'><a href=\"http:\/\/coord.info\/TBAHF9R\">TBAHF9R<\/a> est\u00e1 a <b>7991<\/b> km de dist\u00e2ncia em <a href=\"http:\/\/coord.info\/GC8B1NQ\">GC8B1NQ<\/a> <img align ='top' vspace='1'  alt='British Columbia, Canada' title='British Columbia, Canada' src='http:\/\/gsak.net\/stats\/flags\/CA.gif'\/><\/td>\n<\/tr>\n<tr>\n<td style='background: #e3ddc2;'>Maior salto:<\/td>\n<td style='background: #e3ddc2;'><a href=\"http:\/\/coord.info\/TBAA0DN\">TBAA0DN<\/a> viajou <b>9566<\/b> km em 2025-02-22<\/td>\n<\/tr>\n<tr>\n<td style='background: #e3ddc2;'>Maior dist\u00e2ncia num \u00fanico dia:<\/td>\n<td style='background: #e3ddc2;'><a href=\"http:\/\/coord.info\/TBAHF9R\">TBAHF9R<\/a> viajou <b>9500<\/b> km em 2025-03-13<\/td>\n<\/tr>\n<\/table>\n<\/div>\n<div style='width:740px; font-family: Verdana, Arial, sans-serif; font-size: 13px; text-align: center;'>\n<table style='width:740px; font-family: Verdana, Arial, sans-serif; font-size: 13px; text-align: left;'>\n<br>\n<th style='background: #d8cd9d;' colspan='6' align='Center'>Sum\u00e1rio de todos os participantes<\/th>\n<tr>\n<th style='background: #d8cd9d;text-align: left;'>C\u00f3digo<\/th>\n<th style='background: #d8cd9d;text-align: left;'>Nome<\/th>\n<th style='background: #d8cd9d;text-align: right;'>Owner<\/th>\n<th style='background: #d8cd9d;text-align: right;'>Km<\/th>\n<th style='background: #d8cd9d;text-align: left;'>Localiza\u00e7\u00e3o<\/th>\n<th style='background: #d8cd9d;text-align: right;'>Dist\u00e2ncia do In\u00edcio<\/th>\n<\/tr>\n<tr>\n<td style='background: #e3ddc2;'><a href=\"http:\/\/coord.info\/TBAA0DN\">TBAA0DN<\/a><\/td>\n<td style='background: #e3ddc2;'>Coelho Alberto <\/td>\n<td style='background: #e3ddc2;text-align: right;'>AR Team<\/td>\n<td style='background: #e3ddc2;text-align: right;'>18113<\/td>\n<td style='background: #e3ddc2;'><a href=\"http:\/\/coord.info\/GC8B419\">GC8B419<\/a> <img align ='top' vspace='1'  alt='Grand-Est, France' title='Grand-Est, France' src='http:\/\/gsak.net\/stats\/flags\/FR.gif'\/><\/td>\n<td style='background: #e3ddc2;text-align: right;'>1523<\/td>\n<\/tr>\n<tr>\n<td style='background: #e3ddc2;'><a href=\"http:\/\/coord.info\/TBAHF9R\">TBAHF9R<\/a><\/td>\n<td style='background: #e3ddc2;'>Dan\u00e7as pelo mundo<\/td>\n<td style='background: #e3ddc2;text-align: right;'>Os covinhas<\/td>\n<td style='background: #e3ddc2;text-align: right;'>17947<\/td>\n<td style='background: #e3ddc2;'><a href=\"http:\/\/coord.info\/GC8B1NQ\">GC8B1NQ<\/a> <img align ='top' vspace='1'  alt='British Columbia, Canada' title='British Columbia, Canada' src='http:\/\/gsak.net\/stats\/flags\/CA.gif'\/><\/td>\n<td style='background: #e3ddc2;text-align: right;'>7991<\/td>\n<\/tr>\n<tr>\n<td style='background: #e3ddc2;'><a href=\"http:\/\/coord.info\/TBAA0CY\">TBAA0CY<\/a><\/td>\n<td style='background: #e3ddc2;'>Geocoinfest Europe 2022 &#8211; Verycond<\/td>\n<td style='background: #e3ddc2;text-align: right;'>Verycond<\/td>\n<td style='background: #e3ddc2;text-align: right;'>7633<\/td>\n<td style='background: #e3ddc2;'><a href=\"http:\/\/coord.info\/GC75Z0D\">GC75Z0D<\/a> <img align ='top' vspace='1'  alt='Qu\u00e9bec, Canada' title='Qu\u00e9bec, Canada' src='http:\/\/gsak.net\/stats\/flags\/CA.gif'\/><\/td>\n<td style='background: #e3ddc2;text-align: right;'>5126<\/td>\n<\/tr>\n<tr>\n<td style='background: #e3ddc2;'><a href=\"http:\/\/coord.info\/TBAA088\">TBAA088<\/a><\/td>\n<td style='background: #e3ddc2;'>AR^3 Geocoinfest Europe 2022 &#8211; \u00c9vora Trackable<\/td>\n<td style='background: #e3ddc2;text-align: right;'>AR^3<\/td>\n<td style='background: #e3ddc2;text-align: right;'>7345<\/td>\n<td style='background: #e3ddc2;'>modraondatra <\/td>\n<td style='background: #e3ddc2;text-align: right;'>2973<\/td>\n<\/tr>\n<tr>\n<td style='background: #e3ddc2;'><a href=\"http:\/\/coord.info\/TBB13W1\">TBB13W1<\/a><\/td>\n<td style='background: #e3ddc2;'>Turista do Gavi\u00e3o<\/td>\n<td style='background: #e3ddc2;text-align: right;'>Bact\u00e9rias<\/td>\n<td style='background: #e3ddc2;text-align: right;'>6753<\/td>\n<td style='background: #e3ddc2;'>HockeymomZ <\/td>\n<td style='background: #e3ddc2;text-align: right;'>6471<\/td>\n<\/tr>\n<tr>\n<td style='background: #e3ddc2;'><a href=\"http:\/\/coord.info\/TBAA19N\">TBAA19N<\/a><\/td>\n<td style='background: #e3ddc2;'>Geocoinfest Europe 2022 &#8211; \u00c9vora Trackable<\/td>\n<td style='background: #e3ddc2;text-align: right;'>ZFMendes<\/td>\n<td style='background: #e3ddc2;text-align: right;'>6348<\/td>\n<td style='background: #e3ddc2;'>Carvalhovskis <\/td>\n<td style='background: #e3ddc2;text-align: right;'>255<\/td>\n<\/tr>\n<tr>\n<td style='background: #e3ddc2;'><a href=\"http:\/\/coord.info\/TBAWYH1\">TBAWYH1<\/a><\/td>\n<td style='background: #e3ddc2;'>Patinho Tobias<\/td>\n<td style='background: #e3ddc2;text-align: right;'>Perfeito22<\/td>\n<td style='background: #e3ddc2;text-align: right;'>5786<\/td>\n<td style='background: #e3ddc2;'>Jomajojo <\/td>\n<td style='background: #e3ddc2;text-align: right;'>2095<\/td>\n<\/tr>\n<tr>\n<td style='background: #e3ddc2;'><a href=\"http:\/\/coord.info\/TBAA1CD\">TBAA1CD<\/a><\/td>\n<td style='background: #e3ddc2;'>TB do Rodrigo<\/td>\n<td style='background: #e3ddc2;text-align: right;'>VillEcoueR<\/td>\n<td style='background: #e3ddc2;text-align: right;'>5695<\/td>\n<td style='background: #e3ddc2;'>Schanuggels <\/td>\n<td style='background: #e3ddc2;text-align: right;'>2943<\/td>\n<\/tr>\n<tr>\n<td style='background: #e3ddc2;'><a href=\"http:\/\/coord.info\/TBARGNE\">TBARGNE<\/a><\/td>\n<td style='background: #e3ddc2;'>Lackey Tag<\/td>\n<td style='background: #e3ddc2;text-align: right;'>BetoMartins<\/td>\n<td style='background: #e3ddc2;text-align: right;'>4514<\/td>\n<td style='background: #e3ddc2;'>LUFT* <\/td>\n<td style='background: #e3ddc2;text-align: right;'>271<\/td>\n<\/tr>\n<tr>\n<td style='background: #e3ddc2;'><a href=\"http:\/\/coord.info\/TBAA14C\">TBAA14C<\/a><\/td>\n<td style='background: #e3ddc2;'>Herois no Alentejo &#8211; Gavi\u00e3o 2025 &#8211; TB Race<\/td>\n<td style='background: #e3ddc2;text-align: right;'>Herois do Mar<\/td>\n<td style='background: #e3ddc2;text-align: right;'>3797<\/td>\n<td style='background: #e3ddc2;'><a href=\"http:\/\/coord.info\/GCBGE8X\">GCBGE8X<\/a> <\/td>\n<td style='background: #e3ddc2;text-align: right;'>2198<\/td>\n<\/tr>\n<tr>\n<td style='background: #e3ddc2;'><a href=\"http:\/\/coord.info\/TBAA0ZZ\">TBAA0ZZ<\/a><\/td>\n<td style='background: #e3ddc2;'>Anivers\u00e1rio GEOALENTEJO25 carro corrida<\/td>\n<td style='background: #e3ddc2;text-align: right;'>pjrosado<\/td>\n<td style='background: #e3ddc2;text-align: right;'>3024<\/td>\n<td style='background: #e3ddc2;'><a href=\"http:\/\/coord.info\/GCAAF4V\">GCAAF4V<\/a> <img align ='top' vspace='1'  alt='Nordrhein-Westfalen, Germany' title='Nordrhein-Westfalen, Germany' src='http:\/\/gsak.net\/stats\/flags\/DE.gif'\/><\/td>\n<td style='background: #e3ddc2;text-align: right;'>1899<\/td>\n<\/tr>\n<tr>\n<td style='background: #e3ddc2;'><a href=\"http:\/\/coord.info\/TBAA14R\">TBAA14R<\/a><\/td>\n<td style='background: #e3ddc2;'>Geocoinfest Europe 2022 &#8211; \u00c9vora Trackable<\/td>\n<td style='background: #e3ddc2;text-align: right;'>FLParreira<\/td>\n<td style='background: #e3ddc2;text-align: right;'>2733<\/td>\n<td style='background: #e3ddc2;'><a href=\"http:\/\/coord.info\/GCAY4V9\">GCAY4V9<\/a> <\/td>\n<td style='background: #e3ddc2;text-align: right;'>2111<\/td>\n<\/tr>\n<tr>\n<td style='background: #e3ddc2;'><a href=\"http:\/\/coord.info\/TBAA0AW\">TBAA0AW<\/a><\/td>\n<td style='background: #e3ddc2;'>Maria Albertina <\/td>\n<td style='background: #e3ddc2;text-align: right;'>AR Team<\/td>\n<td style='background: #e3ddc2;text-align: right;'>2688<\/td>\n<td style='background: #e3ddc2;'><a href=\"http:\/\/coord.info\/GC2K9Q3\">GC2K9Q3<\/a> <\/td>\n<td style='background: #e3ddc2;text-align: right;'>2235<\/td>\n<\/tr>\n<tr>\n<td style='background: #e3ddc2;'><a href=\"http:\/\/coord.info\/TBB13WQ\">TBB13WQ<\/a><\/td>\n<td style='background: #e3ddc2;'>Saradmar PORTUGAL<\/td>\n<td style='background: #e3ddc2;text-align: right;'>SaraDMar<\/td>\n<td style='background: #e3ddc2;text-align: right;'>2582<\/td>\n<td style='background: #e3ddc2;'><a href=\"http:\/\/coord.info\/GCB0JYC\">GCB0JYC<\/a> <img align ='top' vspace='1'  alt='Baden-W\u00fcrttemberg, Germany' title='Baden-W\u00fcrttemberg, Germany' src='http:\/\/gsak.net\/stats\/flags\/DE.gif'\/><\/td>\n<td style='background: #e3ddc2;text-align: right;'>1613<\/td>\n<\/tr>\n<tr>\n<td style='background: #e3ddc2;'><a href=\"http:\/\/coord.info\/TBAKM2G\">TBAKM2G<\/a><\/td>\n<td style='background: #e3ddc2;'>GEOTARTARUGA<\/td>\n<td style='background: #e3ddc2;text-align: right;'>perfeita<\/td>\n<td style='background: #e3ddc2;text-align: right;'>2388<\/td>\n<td style='background: #e3ddc2;'><a href=\"http:\/\/coord.info\/GC7Q6M9\">GC7Q6M9<\/a> <img align ='top' vspace='1'  alt='Niedersachsen, Germany' title='Niedersachsen, Germany' src='http:\/\/gsak.net\/stats\/flags\/DE.gif'\/><\/td>\n<td style='background: #e3ddc2;text-align: right;'>1977<\/td>\n<\/tr>\n<tr>\n<td style='background: #e3ddc2;'><a href=\"http:\/\/coord.info\/TBAA1FH\">TBAA1FH<\/a><\/td>\n<td style='background: #e3ddc2;'>22 Amarelo<\/td>\n<td style='background: #e3ddc2;text-align: right;'>perfeita<\/td>\n<td style='background: #e3ddc2;text-align: right;'>1507<\/td>\n<td style='background: #e3ddc2;'>mOlier57 <\/td>\n<td style='background: #e3ddc2;text-align: right;'>1393<\/td>\n<\/tr>\n<tr>\n<td style='background: #e3ddc2;'><a href=\"http:\/\/coord.info\/TBAA0CT\">TBAA0CT<\/a><\/td>\n<td style='background: #e3ddc2;'>Beijoca Feijoca<\/td>\n<td style='background: #e3ddc2;text-align: right;'>correiart<\/td>\n<td style='background: #e3ddc2;text-align: right;'>395<\/td>\n<td style='background: #e3ddc2;'><a href=\"http:\/\/coord.info\/GCA03E3\">GCA03E3<\/a> <img align ='top' vspace='1'  alt='Portalegre, Portugal' title='Portalegre, Portugal' src='http:\/\/gsak.net\/stats\/flags\/PT.gif'\/><\/td>\n<td style='background: #e3ddc2;text-align: right;'>126<\/td>\n<\/tr>\n<tr>\n<td style='background: #e3ddc2;'><a href=\"http:\/\/coord.info\/TBAA1GM\">TBAA1GM<\/a><\/td>\n<td style='background: #e3ddc2;'>Quarenta e cinco<\/td>\n<td style='background: #e3ddc2;text-align: right;'>Perfeito22<\/td>\n<td style='background: #e3ddc2;text-align: right;'>276<\/td>\n<td style='background: #e3ddc2;'>Gon\u00e7alofrocha <\/td>\n<td style='background: #e3ddc2;text-align: right;'>188<\/td>\n<\/tr>\n<tr>\n<td style='background: #e3ddc2;'><a href=\"http:\/\/coord.info\/TBAA0EK\">TBAA0EK<\/a><\/td>\n<td style='background: #e3ddc2;'>Geocoinfest Europe 2022 &#8211; \u00c9vora Trackable<\/td>\n<td style='background: #e3ddc2;text-align: right;'>BetoMartins<\/td>\n<td style='background: #e3ddc2;text-align: right;'>247<\/td>\n<td style='background: #e3ddc2;'>Barquenses <\/td>\n<td style='background: #e3ddc2;text-align: right;'>247<\/td>\n<\/tr>\n<tr>\n<td style='background: #e3ddc2;'><a href=\"http:\/\/coord.info\/TBB13WJ\">TBB13WJ<\/a><\/td>\n<td style='background: #e3ddc2;'>Super Mario Car<\/td>\n<td style='background: #e3ddc2;text-align: right;'>neiaeadry<\/td>\n<td style='background: #e3ddc2;text-align: right;'>155<\/td>\n<td style='background: #e3ddc2;'><a href=\"http:\/\/coord.info\/GC1C4D9\">GC1C4D9<\/a> <img align ='top' vspace='1'  alt='Sintra, Portugal' title='Sintra, Portugal' src='http:\/\/gsak.net\/stats\/flags\/PT.gif'\/><\/td>\n<td style='background: #e3ddc2;text-align: right;'>154<\/td>\n<\/tr>\n<\/table>\n<\/div><p><strong>Distribui\u00e7\u00e3o de Pr\u00e9mios:<\/strong><\/p><p class=\"has-medium-font-size\">1\u00ba Lugar: Dan\u00e7as pelo mundo <a href=\"http:\/\/coord.info\/TBAHF9R\">TBAHF9R<\/a><br>2\u00ba Lugar: Geocoinfest Europe 2022 &#8211; Verycond <a href=\"http:\/\/coord.info\/TBAA0CY\">TBAA0CY<\/a><br>3\u00ba Lugar: AR^3 Geocoinfest Europe 2022 &#8211; \u00c9vora Trackable <a href=\"http:\/\/coord.info\/TBAA088\">TBAA088<\/a><br><br>Nota: Apesar do Coelho Alberto <a href=\"http:\/\/coord.info\/TBAA0DN\">TBAA0DN<\/a>, ter alcan\u00e7ado o maior n\u00ba de KM, o mesmo pertence a um membro da equipa do Geo Alentejo, por este motivo, os pr\u00e9mios foram distribu\u00eddos aos participantes seguintes.<\/p><h2 class=\"wp-block-heading\">Objetivos:<\/h2><ol class=\"wp-block-list\"><li>Obter o maior n\u00famero de KM percorridos;<\/li>\n\n<li>Terminar no evento do 13\u00ba Anivers\u00e1rio do Geo Alentejo em 2026;<\/li><\/ol><h3 class=\"wp-block-heading\">Regras:<\/h3><ul class=\"wp-block-list\"><li>O trackable dever\u00e1 ter 0 kil\u00f3metros no dia da corrida;<\/li>\n\n<li>O trackable dever\u00e1 iniciar a corrida a partir dos eventos <strong>GCATMR1 <\/strong>ou <strong>GCB174D<\/strong>, que ocorrer\u00e3o nos dias 11 e 12 de janeiro de 2025;<\/li>\n\n<li>A corrida termina no dia 9 de janeiro de 2026;<\/li>\n\n<li>Os propriet\u00e1rios dos trackables n\u00e3o poder\u00e3o contribuir no seu progresso;<\/li>\n\n<li>Uma conta de geocaching, pode participar com mais de 1 trackable;<\/li>\n\n<li>Apenas ser\u00e3o considerados os movimentos \u201cDeixar\u201d\/\u201cDropped off\u201d;<\/li>\n\n<li>Ser\u00e3o ignorados movimetos \u201cDeixar\u201d\/\u201cDropped off\u201d consecutivos efetuados pelo mesmo utilizador. Apenas ser\u00e1 contabilizado o mais recente;<\/li>\n\n<li>Um trackable que seja dado como perdido, n\u00e3o poder\u00e1 regressar \u00e0 corrida;<\/li>\n\n<li>Apenas ser\u00e1 atribu\u00eddo um pr\u00e9mio por conta de geocaching;<\/li>\n\n<li>A classifica\u00e7\u00e3o da corrida ser\u00e1 atualizada mensalmente, no site <a href=\"http:\/\/www.GeoAlentejo.com\">www.GeoAlentejo.com<\/a><\/li><\/ul><h3 class=\"wp-block-heading\">Pr\u00e9mios:<\/h3><ul class=\"wp-block-list\"><li>1\u00ba Lugar: Geocoin <\/li>\n\n<li>2\u00ba Lugar: Geocoin<\/li>\n\n<li>3\u00ba Lugar: Garrafa de Vinho<\/li><\/ul><ul class=\"wp-block-list\"><li> Se o trackable terminar no evento do 13\u00ba Anivers\u00e1rio do Geo Alentejo em 2026, o pr\u00e9mio ser\u00e1 uma Geocoin <\/li><\/ul><p>Espera-se uma corrida divertida com v\u00e1rios movimentos durante o ano inteiro. Desta forma, apelamos ao bom senso dos participantes em n\u00e3o criar  esquemas para tirar vantagem sobre os outros participantes. Caso seja detectada alguma movimenta\u00e7\u00e3o suspeita\/fraudulenta, poderemos rever as regras da corrida ou expulsar o participante da corrida.<\/p>","protected":false},"excerpt":{"rendered":"<p>Classifica\u00e7\u00e3o Final: Classifica\u00e7\u00e3o Total de Participantes: 20 Maior # de Logs: TBAA0EK com 2505 logs, atualmente em GC44EZW Maior # de Km: TBAA0DN com 18113 km, atualmente em GC8B419 Maior dist\u00e2ncia desde a partida: TBAHF9R est\u00e1 a 7991 km de&#8230;<br \/><a class=\"read-more-button\" href=\"https:\/\/geoalentejo.com\/?page_id=21672\">Read more<\/a><\/p>\n","protected":false},"author":1,"featured_media":0,"parent":0,"menu_order":0,"comment_status":"closed","ping_status":"closed","template":"","meta":{"footnotes":""},"class_list":["post-21672","page","type-page","status-publish","hentry"],"_links":{"self":[{"href":"https:\/\/geoalentejo.com\/index.php?rest_route=\/wp\/v2\/pages\/21672","targetHints":{"allow":["GET"]}}],"collection":[{"href":"https:\/\/geoalentejo.com\/index.php?rest_route=\/wp\/v2\/pages"}],"about":[{"href":"https:\/\/geoalentejo.com\/index.php?rest_route=\/wp\/v2\/types\/page"}],"author":[{"embeddable":true,"href":"https:\/\/geoalentejo.com\/index.php?rest_route=\/wp\/v2\/users\/1"}],"replies":[{"embeddable":true,"href":"https:\/\/geoalentejo.com\/index.php?rest_route=%2Fwp%2Fv2%2Fcomments&post=21672"}],"version-history":[{"count":36,"href":"https:\/\/geoalentejo.com\/index.php?rest_route=\/wp\/v2\/pages\/21672\/revisions"}],"predecessor-version":[{"id":21902,"href":"https:\/\/geoalentejo.com\/index.php?rest_route=\/wp\/v2\/pages\/21672\/revisions\/21902"}],"wp:attachment":[{"href":"https:\/\/geoalentejo.com\/index.php?rest_route=%2Fwp%2Fv2%2Fmedia&parent=21672"}],"curies":[{"name":"wp","href":"https:\/\/api.w.org\/{rel}","templated":true}]}}