{"id":21773,"date":"2025-02-11T10:04:59","date_gmt":"2025-02-11T10:04:59","guid":{"rendered":"https:\/\/geoalentejo.com\/?page_id=21773"},"modified":"2025-02-11T10:04:59","modified_gmt":"2025-02-11T10:04:59","slug":"geo-foto-gaviao-classificacao-por-temas","status":"publish","type":"page","link":"https:\/\/geoalentejo.com\/?page_id=21773","title":{"rendered":"Geo Foto @ Gavi\u00e3o &#8211; Classifica\u00e7\u00e3o por temas"},"content":{"rendered":"<h2 class=\"wp-block-heading\">Tradi\u00e7\u00f5es<\/h2><table id=\"tablepress-1\" class=\"tablepress tablepress-id-1\">\n<thead>\n<tr class=\"row-1\">\n\t<th class=\"column-1\">Fotografia<\/th><th class=\"column-2\">N\u00ba Votos<\/th><th class=\"column-3\">Pontua\u00e7\u00e3o<\/th>\n<\/tr>\n<\/thead>\n<tbody class=\"row-striping row-hover\">\n<tr class=\"row-2\">\n\t<td class=\"column-1\">Her\u00f3is no Alentejo &#8211; 1<\/td><td class=\"column-2\">4<\/td><td class=\"column-3\">15<\/td>\n<\/tr>\n<tr class=\"row-3\">\n\t<td class=\"column-1\">Her\u00f3is no Alentejo &#8211; 2<\/td><td class=\"column-2\">4<\/td><td class=\"column-3\">15<\/td>\n<\/tr>\n<tr class=\"row-4\">\n\t<td class=\"column-1\">N\u00e3o Sei &#8211; 2<\/td><td class=\"column-2\">4<\/td><td class=\"column-3\">15<\/td>\n<\/tr>\n<tr class=\"row-5\">\n\t<td class=\"column-1\">Team Duo &#8211; 1<\/td><td class=\"column-2\">4<\/td><td class=\"column-3\">15<\/td>\n<\/tr>\n<tr class=\"row-6\">\n\t<td class=\"column-1\">Os Covinhas &#8211; 2<\/td><td class=\"column-2\">3<\/td><td class=\"column-3\">10<\/td>\n<\/tr>\n<tr class=\"row-7\">\n\t<td class=\"column-1\">Fora da Caixa &#8211; 1<\/td><td class=\"column-2\">2<\/td><td class=\"column-3\">5<\/td>\n<\/tr>\n<tr class=\"row-8\">\n\t<td class=\"column-1\">Team Duo &#8211; 2<\/td><td class=\"column-2\">2<\/td><td class=\"column-3\">5<\/td>\n<\/tr>\n<tr class=\"row-9\">\n\t<td class=\"column-1\">Fora da Caixa &#8211; 2<\/td><td class=\"column-2\">1<\/td><td class=\"column-3\"><\/td>\n<\/tr>\n<tr class=\"row-10\">\n\t<td class=\"column-1\">Cariocas &#8211; 1<\/td><td class=\"column-2\">1<\/td><td class=\"column-3\"><\/td>\n<\/tr>\n<tr class=\"row-11\">\n\t<td class=\"column-1\">N\u00e3o Sei &#8211; 1<\/td><td class=\"column-2\">1<\/td><td class=\"column-3\"><\/td>\n<\/tr>\n<tr class=\"row-12\">\n\t<td class=\"column-1\">Penasisters &#8211; 2<\/td><td class=\"column-2\">1<\/td><td class=\"column-3\"><\/td>\n<\/tr>\n<tr class=\"row-13\">\n\t<td class=\"column-1\">Cariocas &#8211; 2<\/td><td class=\"column-2\">0<\/td><td class=\"column-3\"><\/td>\n<\/tr>\n<tr class=\"row-14\">\n\t<td class=\"column-1\">Os Covinhas &#8211; 1<\/td><td class=\"column-2\">0<\/td><td class=\"column-3\"><\/td>\n<\/tr>\n<tr class=\"row-15\">\n\t<td class=\"column-1\">Penasisters &#8211; 1<\/td><td class=\"column-2\">0<\/td><td class=\"column-3\"><\/td>\n<\/tr>\n<tr class=\"row-16\">\n\t<td class=\"column-1\">Proyecto Huelva &#8211; 1<\/td><td class=\"column-2\">0<\/td><td class=\"column-3\"><\/td>\n<\/tr>\n<tr class=\"row-17\">\n\t<td class=\"column-1\">Proyecto Huelva &#8211; 2<\/td><td class=\"column-2\">0<\/td><td class=\"column-3\"><\/td>\n<\/tr>\n<\/tbody>\n<\/table>\n<!-- #tablepress-1 from cache --><h2 class=\"wp-block-heading\">P\u00f4r do Sol<\/h2><table id=\"tablepress-3\" class=\"tablepress tablepress-id-3\">\n<thead>\n<tr class=\"row-1\">\n\t<th class=\"column-1\">Fotografia<\/th><th class=\"column-2\">N\u00ba Votos<\/th><th class=\"column-3\">Pontua\u00e7\u00e3o<\/th>\n<\/tr>\n<\/thead>\n<tbody class=\"row-striping row-hover\">\n<tr class=\"row-2\">\n\t<td class=\"column-1\">Fora da Caixa &#8211; 2<\/td><td class=\"column-2\">6<\/td><td class=\"column-3\">15<\/td>\n<\/tr>\n<tr class=\"row-3\">\n\t<td class=\"column-1\">Her\u00f3is no Alentejo &#8211; 1<\/td><td class=\"column-2\">4<\/td><td class=\"column-3\">10<\/td>\n<\/tr>\n<tr class=\"row-4\">\n\t<td class=\"column-1\">Fora da Caixa &#8211; 1<\/td><td class=\"column-2\">3<\/td><td class=\"column-3\">5<\/td>\n<\/tr>\n<tr class=\"row-5\">\n\t<td class=\"column-1\">Cariocas &#8211; 1<\/td><td class=\"column-2\">3<\/td><td class=\"column-3\">5<\/td>\n<\/tr>\n<tr class=\"row-6\">\n\t<td class=\"column-1\">Penasisters &#8211; 1<\/td><td class=\"column-2\">3<\/td><td class=\"column-3\">5<\/td>\n<\/tr>\n<tr class=\"row-7\">\n\t<td class=\"column-1\">Team Duo &#8211; 2<\/td><td class=\"column-2\">3<\/td><td class=\"column-3\">5<\/td>\n<\/tr>\n<tr class=\"row-8\">\n\t<td class=\"column-1\">Os Covinhas &#8211; 1<\/td><td class=\"column-2\">2<\/td><td class=\"column-3\"><\/td>\n<\/tr>\n<tr class=\"row-9\">\n\t<td class=\"column-1\">N\u00e3o Sei &#8211; 1<\/td><td class=\"column-2\">1<\/td><td class=\"column-3\"><\/td>\n<\/tr>\n<tr class=\"row-10\">\n\t<td class=\"column-1\">Proyecto Huelva &#8211; 2<\/td><td class=\"column-2\">1<\/td><td class=\"column-3\"><\/td>\n<\/tr>\n<tr class=\"row-11\">\n\t<td class=\"column-1\">Team Duo &#8211; 1<\/td><td class=\"column-2\">1<\/td><td class=\"column-3\"><\/td>\n<\/tr>\n<tr class=\"row-12\">\n\t<td class=\"column-1\">Os Covinhas &#8211; 2<\/td><td class=\"column-2\">0<\/td><td class=\"column-3\"><\/td>\n<\/tr>\n<tr class=\"row-13\">\n\t<td class=\"column-1\">Proyecto Huelva &#8211; 1<\/td><td class=\"column-2\">0<\/td><td class=\"column-3\"><\/td>\n<\/tr>\n<\/tbody>\n<\/table>\n<!-- #tablepress-3 from cache --><h2 class=\"wp-block-heading\">Arquitetura e Patrim\u00f3nio<\/h2><table id=\"tablepress-4\" class=\"tablepress tablepress-id-4\">\n<thead>\n<tr class=\"row-1\">\n\t<th class=\"column-1\">Fotografia<\/th><th class=\"column-2\">N\u00ba Votos<\/th><th class=\"column-3\">Pontua\u00e7\u00e3o<\/th>\n<\/tr>\n<\/thead>\n<tbody class=\"row-striping row-hover\">\n<tr class=\"row-2\">\n\t<td class=\"column-1\">Her\u00f3is no Alentejo &#8211; 1<\/td><td class=\"column-2\">5<\/td><td class=\"column-3\">15<\/td>\n<\/tr>\n<tr class=\"row-3\">\n\t<td class=\"column-1\">Team Duo &#8211; 2<\/td><td class=\"column-2\">3<\/td><td class=\"column-3\">10<\/td>\n<\/tr>\n<tr class=\"row-4\">\n\t<td class=\"column-1\">Fora da Caixa &#8211; 2<\/td><td class=\"column-2\">2<\/td><td class=\"column-3\">5<\/td>\n<\/tr>\n<tr class=\"row-5\">\n\t<td class=\"column-1\">N\u00e3o Sei &#8211; 2<\/td><td class=\"column-2\">2<\/td><td class=\"column-3\">5<\/td>\n<\/tr>\n<tr class=\"row-6\">\n\t<td class=\"column-1\">Os Covinhas &#8211; 1<\/td><td class=\"column-2\">2<\/td><td class=\"column-3\">5<\/td>\n<\/tr>\n<tr class=\"row-7\">\n\t<td class=\"column-1\">Penasisters &#8211; 2<\/td><td class=\"column-2\">2<\/td><td class=\"column-3\">5<\/td>\n<\/tr>\n<tr class=\"row-8\">\n\t<td class=\"column-1\">Proyecto Huelva &#8211; 1<\/td><td class=\"column-2\">2<\/td><td class=\"column-3\">5<\/td>\n<\/tr>\n<tr class=\"row-9\">\n\t<td class=\"column-1\">Team Duo &#8211; 1<\/td><td class=\"column-2\">2<\/td><td class=\"column-3\">5<\/td>\n<\/tr>\n<tr class=\"row-10\">\n\t<td class=\"column-1\">Fora da Caixa &#8211; 1<\/td><td class=\"column-2\">1<\/td><td class=\"column-3\"><\/td>\n<\/tr>\n<tr class=\"row-11\">\n\t<td class=\"column-1\">Her\u00f3is no Alentejo &#8211; 2<\/td><td class=\"column-2\">1<\/td><td class=\"column-3\"><\/td>\n<\/tr>\n<tr class=\"row-12\">\n\t<td class=\"column-1\">Cariocas &#8211; 1<\/td><td class=\"column-2\">1<\/td><td class=\"column-3\"><\/td>\n<\/tr>\n<tr class=\"row-13\">\n\t<td class=\"column-1\">N\u00e3o Sei &#8211; 1<\/td><td class=\"column-2\">1<\/td><td class=\"column-3\"><\/td>\n<\/tr>\n<tr class=\"row-14\">\n\t<td class=\"column-1\">Os Covinhas &#8211; 2<\/td><td class=\"column-2\">1<\/td><td class=\"column-3\"><\/td>\n<\/tr>\n<tr class=\"row-15\">\n\t<td class=\"column-1\">Penasisters &#8211; 1<\/td><td class=\"column-2\">1<\/td><td class=\"column-3\"><\/td>\n<\/tr>\n<tr class=\"row-16\">\n\t<td class=\"column-1\">The Guys With No Name &#8211; 1<\/td><td class=\"column-2\">1<\/td><td class=\"column-3\"><\/td>\n<\/tr>\n<tr class=\"row-17\">\n\t<td class=\"column-1\">Cariocas &#8211; 2<\/td><td class=\"column-2\">0<\/td><td class=\"column-3\"><\/td>\n<\/tr>\n<tr class=\"row-18\">\n\t<td class=\"column-1\">Proyecto Huelva &#8211; 2<\/td><td class=\"column-2\">0<\/td><td class=\"column-3\"><\/td>\n<\/tr>\n<\/tbody>\n<\/table>\n<!-- #tablepress-4 from cache --><h2 class=\"wp-block-heading\">Criatividade<\/h2><table id=\"tablepress-5\" class=\"tablepress tablepress-id-5\">\n<thead>\n<tr class=\"row-1\">\n\t<th class=\"column-1\">Fotografia<\/th><th class=\"column-2\">N\u00ba Votos<\/th><th class=\"column-3\">Pontua\u00e7\u00e3o<\/th>\n<\/tr>\n<\/thead>\n<tbody class=\"row-striping row-hover\">\n<tr class=\"row-2\">\n\t<td class=\"column-1\">The Guys With No Name &#8211; 1<\/td><td class=\"column-2\">4<\/td><td class=\"column-3\">15<\/td>\n<\/tr>\n<tr class=\"row-3\">\n\t<td class=\"column-1\">Fora da Caixa &#8211; 2<\/td><td class=\"column-2\">3<\/td><td class=\"column-3\">10<\/td>\n<\/tr>\n<tr class=\"row-4\">\n\t<td class=\"column-1\">N\u00e3o Sei &#8211; 1<\/td><td class=\"column-2\">3<\/td><td class=\"column-3\">10<\/td>\n<\/tr>\n<tr class=\"row-5\">\n\t<td class=\"column-1\">Fora da Caixa &#8211; 1<\/td><td class=\"column-2\">2<\/td><td class=\"column-3\">5<\/td>\n<\/tr>\n<tr class=\"row-6\">\n\t<td class=\"column-1\">Her\u00f3is no Alentejo &#8211; 1<\/td><td class=\"column-2\">2<\/td><td class=\"column-3\">5<\/td>\n<\/tr>\n<tr class=\"row-7\">\n\t<td class=\"column-1\">Cariocas &#8211; 2<\/td><td class=\"column-2\">2<\/td><td class=\"column-3\">5<\/td>\n<\/tr>\n<tr class=\"row-8\">\n\t<td class=\"column-1\">Os Covinhas &#8211; 1<\/td><td class=\"column-2\">2<\/td><td class=\"column-3\">5<\/td>\n<\/tr>\n<tr class=\"row-9\">\n\t<td class=\"column-1\">Penasisters &#8211; 1<\/td><td class=\"column-2\">2<\/td><td class=\"column-3\">5<\/td>\n<\/tr>\n<tr class=\"row-10\">\n\t<td class=\"column-1\">Team Duo &#8211; 1<\/td><td class=\"column-2\">2<\/td><td class=\"column-3\">5<\/td>\n<\/tr>\n<tr class=\"row-11\">\n\t<td class=\"column-1\">Team Duo &#8211; 2<\/td><td class=\"column-2\">2<\/td><td class=\"column-3\">5<\/td>\n<\/tr>\n<tr class=\"row-12\">\n\t<td class=\"column-1\">Her\u00f3is no Alentejo &#8211; 2<\/td><td class=\"column-2\">1<\/td><td class=\"column-3\"><\/td>\n<\/tr>\n<tr class=\"row-13\">\n\t<td class=\"column-1\">Proyecto Huelva &#8211; 1<\/td><td class=\"column-2\">1<\/td><td class=\"column-3\"><\/td>\n<\/tr>\n<tr class=\"row-14\">\n\t<td class=\"column-1\">Proyecto Huelva &#8211; 2<\/td><td class=\"column-2\">1<\/td><td class=\"column-3\"><\/td>\n<\/tr>\n<tr class=\"row-15\">\n\t<td class=\"column-1\">Cariocas &#8211; 1<\/td><td class=\"column-2\">0<\/td><td class=\"column-3\"><\/td>\n<\/tr>\n<tr class=\"row-16\">\n\t<td class=\"column-1\">Os Covinhas &#8211; 2<\/td><td class=\"column-2\">0<\/td><td class=\"column-3\"><\/td>\n<\/tr>\n<\/tbody>\n<\/table>\n<!-- #tablepress-5 from cache --><h2 class=\"wp-block-heading\">Fauna\/Flora<\/h2><table id=\"tablepress-6\" class=\"tablepress tablepress-id-6\">\n<thead>\n<tr class=\"row-1\">\n\t<th class=\"column-1\">Fotografia<\/th><th class=\"column-2\">N\u00ba Votos<\/th><th class=\"column-3\">Pontua\u00e7\u00e3o<\/th>\n<\/tr>\n<\/thead>\n<tbody class=\"row-striping row-hover\">\n<tr class=\"row-2\">\n\t<td class=\"column-1\">Her\u00f3is no Alentejo &#8211; 2<\/td><td class=\"column-2\">6<\/td><td class=\"column-3\">15<\/td>\n<\/tr>\n<tr class=\"row-3\">\n\t<td class=\"column-1\">Fora da Caixa &#8211; 2<\/td><td class=\"column-2\">5<\/td><td class=\"column-3\">10<\/td>\n<\/tr>\n<tr class=\"row-4\">\n\t<td class=\"column-1\">Team Duo &#8211; 2<\/td><td class=\"column-2\">3<\/td><td class=\"column-3\">5<\/td>\n<\/tr>\n<tr class=\"row-5\">\n\t<td class=\"column-1\">N\u00e3o Sei &#8211; 2<\/td><td class=\"column-2\">2<\/td><td class=\"column-3\"><\/td>\n<\/tr>\n<tr class=\"row-6\">\n\t<td class=\"column-1\">Proyecto Huelva &#8211; 2<\/td><td class=\"column-2\">2<\/td><td class=\"column-3\"><\/td>\n<\/tr>\n<tr class=\"row-7\">\n\t<td class=\"column-1\">Fora da Caixa &#8211; 1<\/td><td class=\"column-2\">1<\/td><td class=\"column-3\"><\/td>\n<\/tr>\n<tr class=\"row-8\">\n\t<td class=\"column-1\">Her\u00f3is no Alentejo &#8211; 1<\/td><td class=\"column-2\">1<\/td><td class=\"column-3\"><\/td>\n<\/tr>\n<tr class=\"row-9\">\n\t<td class=\"column-1\">Cariocas &#8211; 1<\/td><td class=\"column-2\">1<\/td><td class=\"column-3\"><\/td>\n<\/tr>\n<tr class=\"row-10\">\n\t<td class=\"column-1\">N\u00e3o Sei &#8211; 1<\/td><td class=\"column-2\">1<\/td><td class=\"column-3\"><\/td>\n<\/tr>\n<tr class=\"row-11\">\n\t<td class=\"column-1\">Os Covinhas &#8211; 1<\/td><td class=\"column-2\">1<\/td><td class=\"column-3\"><\/td>\n<\/tr>\n<tr class=\"row-12\">\n\t<td class=\"column-1\">Os Covinhas &#8211; 2<\/td><td class=\"column-2\">1<\/td><td class=\"column-3\"><\/td>\n<\/tr>\n<tr class=\"row-13\">\n\t<td class=\"column-1\">Penasisters &#8211; 2<\/td><td class=\"column-2\">1<\/td><td class=\"column-3\"><\/td>\n<\/tr>\n<tr class=\"row-14\">\n\t<td class=\"column-1\">Team Duo &#8211; 1<\/td><td class=\"column-2\">1<\/td><td class=\"column-3\"><\/td>\n<\/tr>\n<tr class=\"row-15\">\n\t<td class=\"column-1\">The Guys With No Name &#8211; 2<\/td><td class=\"column-2\">1<\/td><td class=\"column-3\"><\/td>\n<\/tr>\n<tr class=\"row-16\">\n\t<td class=\"column-1\">Penasisters &#8211; 1<\/td><td class=\"column-2\">0<\/td><td class=\"column-3\"><\/td>\n<\/tr>\n<tr class=\"row-17\">\n\t<td class=\"column-1\">Proyecto Huelva &#8211; 1<\/td><td class=\"column-2\">0<\/td><td class=\"column-3\"><\/td>\n<\/tr>\n<tr class=\"row-18\">\n\t<td class=\"column-1\">The Guys With No Name &#8211; 1<\/td><td class=\"column-2\">0<\/td><td class=\"column-3\"><\/td>\n<\/tr>\n<\/tbody>\n<\/table>\n<!-- #tablepress-6 from cache --><p><\/p>","protected":false},"excerpt":{"rendered":"<p>Tradi\u00e7\u00f5es P\u00f4r do Sol Arquitetura e Patrim\u00f3nio Criatividade Fauna\/Flora<\/p>\n","protected":false},"author":1,"featured_media":0,"parent":0,"menu_order":0,"comment_status":"closed","ping_status":"closed","template":"","meta":{"footnotes":""},"class_list":["post-21773","page","type-page","status-publish","hentry"],"_links":{"self":[{"href":"https:\/\/geoalentejo.com\/index.php?rest_route=\/wp\/v2\/pages\/21773","targetHints":{"allow":["GET"]}}],"collection":[{"href":"https:\/\/geoalentejo.com\/index.php?rest_route=\/wp\/v2\/pages"}],"about":[{"href":"https:\/\/geoalentejo.com\/index.php?rest_route=\/wp\/v2\/types\/page"}],"author":[{"embeddable":true,"href":"https:\/\/geoalentejo.com\/index.php?rest_route=\/wp\/v2\/users\/1"}],"replies":[{"embeddable":true,"href":"https:\/\/geoalentejo.com\/index.php?rest_route=%2Fwp%2Fv2%2Fcomments&post=21773"}],"version-history":[{"count":1,"href":"https:\/\/geoalentejo.com\/index.php?rest_route=\/wp\/v2\/pages\/21773\/revisions"}],"predecessor-version":[{"id":21776,"href":"https:\/\/geoalentejo.com\/index.php?rest_route=\/wp\/v2\/pages\/21773\/revisions\/21776"}],"wp:attachment":[{"href":"https:\/\/geoalentejo.com\/index.php?rest_route=%2Fwp%2Fv2%2Fmedia&parent=21773"}],"curies":[{"name":"wp","href":"https:\/\/api.w.org\/{rel}","templated":true}]}}