{"id":285,"date":"2015-09-05T21:39:40","date_gmt":"2015-09-05T21:39:40","guid":{"rendered":"https:\/\/geoalentejo.com\/?page_id=285"},"modified":"2015-09-05T21:39:40","modified_gmt":"2015-09-05T21:39:40","slug":"regras-geo-foto-safari","status":"publish","type":"page","link":"https:\/\/geoalentejo.com\/?page_id=285","title":{"rendered":"Regras Geo Foto Safari"},"content":{"rendered":"<p>1) O Geo Foto Safari \u00e9 organizado pela Geo Alentejo, com a devida autoriza\u00e7\u00e3o do Monte Selvagem &#8211; Reserva Animal.<\/p>\n<p>2) Realiza-se no dia 10 de Outubro de 2015, entre as 10h e as 17h30 e ser\u00e1 uma Maratona Fotogr\u00e1fica em estilo safari.<\/p>\n<p>4) A participa\u00e7\u00e3o no evento, obriga \u00e0 aceita\u00e7\u00e3o das regras de participa\u00e7\u00e3o e \u00e0 autoriza\u00e7\u00e3o da publica\u00e7\u00e3o das fotografias nas p\u00e1ginas do Facebook (p\u00e1gina Geo Alentejo e Monte Selvagem), no \u00e2mbito deste concurso.<\/p>\n<p>5) Podem participar todos os interessados. As inscri\u00e7\u00f5es s\u00e3o feitas no acto do check-in do evento Geo Foto Safari.<\/p>\n<p>6) Cada participante poder\u00e1 apresentar a concurso duas fotografias por tema, que tenham sido tiradas durante e no local do evento. As fotografias dever\u00e3o ter a indica\u00e7\u00e3o do ponto onde foram tiradas, nome do autor (participante e\/ou da equipa) e tema em que s\u00e3o submetidas.<\/p>\n<p>7) As fotografias devem ser enviadas at\u00e9 ao dia 20 de Outubro, para o mail <a href=\"mailto:geocaching.alentejo@gmail.com\">geocaching.alentejo@gmail.com<\/a>. Sendo acompanhadas com os dados do autor (nome, nick Geocaching, e-mail e telefone).<\/p>\n<p>8) As fotografias submetidas estar\u00e3o em vota\u00e7\u00e3o at\u00e9 dia 31 de Outubro de 2015. Sendo divulgadas as fotos vencedoras no dia 01 de Novembro de 2015.<\/p>\n<p>9) As fotografias que n\u00e3o forem entregues com os dados solicitados e fora da data n\u00e3o ser\u00e3o consideradas para o concurso.<\/p>\n<p>10) As fotografias n\u00e3o poder\u00e3o ser alteradas ou melhoradas digitalmente.<\/p>\n<p>11) A vota\u00e7\u00e3o ser\u00e1 atrav\u00e9s de likes na p\u00e1gina do Facebook Geo Alentejo, havendo ainda um pr\u00e9mio extra onde uma foto ser\u00e1 seleccionada pelo Monte Selvagem.<\/p>\n<p>12) N\u00e3o ser\u00e1 permitida a vota\u00e7\u00e3o do participante nas pr\u00f3prias fotografias.<\/p>\n<p>13) Ser\u00e3o atribu\u00eddos pr\u00e9mios para as melhores fotografias (a definir consoante o n\u00famero de participantes e anunciado no dia do evento).<\/p>\n<p>14) Os casos omissos a este regulamento ser\u00e3o decididos pela organiza\u00e7\u00e3o.<\/p>\n<p>15) No dia do evento ser\u00e1 entregue um mapa com a indica\u00e7\u00e3o dos pontos de visita obrigat\u00f3ria e dos respectivos temas do concurso fotogr\u00e1fico.<\/p>\n<p>Votos de uma excelente Maratona Fotogr\u00e1fica!<\/p>\n","protected":false},"excerpt":{"rendered":"<p>1) O Geo Foto Safari \u00e9 organizado pela Geo Alentejo, com a devida autoriza\u00e7\u00e3o do Monte Selvagem &#8211; Reserva Animal. 2) Realiza-se no dia 10 de Outubro de 2015, entre as 10h e as 17h30 e ser\u00e1 uma Maratona Fotogr\u00e1fica&#8230;<br \/><a class=\"read-more-button\" href=\"https:\/\/geoalentejo.com\/?page_id=285\">Read more<\/a><\/p>\n","protected":false},"author":1,"featured_media":0,"parent":0,"menu_order":0,"comment_status":"closed","ping_status":"open","template":"","meta":{"footnotes":""},"class_list":["post-285","page","type-page","status-publish","hentry"],"_links":{"self":[{"href":"https:\/\/geoalentejo.com\/index.php?rest_route=\/wp\/v2\/pages\/285","targetHints":{"allow":["GET"]}}],"collection":[{"href":"https:\/\/geoalentejo.com\/index.php?rest_route=\/wp\/v2\/pages"}],"about":[{"href":"https:\/\/geoalentejo.com\/index.php?rest_route=\/wp\/v2\/types\/page"}],"author":[{"embeddable":true,"href":"https:\/\/geoalentejo.com\/index.php?rest_route=\/wp\/v2\/users\/1"}],"replies":[{"embeddable":true,"href":"https:\/\/geoalentejo.com\/index.php?rest_route=%2Fwp%2Fv2%2Fcomments&post=285"}],"version-history":[{"count":1,"href":"https:\/\/geoalentejo.com\/index.php?rest_route=\/wp\/v2\/pages\/285\/revisions"}],"predecessor-version":[{"id":286,"href":"https:\/\/geoalentejo.com\/index.php?rest_route=\/wp\/v2\/pages\/285\/revisions\/286"}],"wp:attachment":[{"href":"https:\/\/geoalentejo.com\/index.php?rest_route=%2Fwp%2Fv2%2Fmedia&parent=285"}],"curies":[{"name":"wp","href":"https:\/\/api.w.org\/{rel}","templated":true}]}}