{"id":363,"date":"2015-12-27T21:58:09","date_gmt":"2015-12-27T21:58:09","guid":{"rendered":"https:\/\/geoalentejo.com\/?page_id=363"},"modified":"2016-01-25T22:17:08","modified_gmt":"2016-01-25T22:17:08","slug":"geo-alentejo-traveller","status":"publish","type":"page","link":"https:\/\/geoalentejo.com\/?page_id=363","title":{"rendered":"Geo Alentejo Traveller"},"content":{"rendered":"<p>Este \u00e9 o primeiro trackable produzido pelo Geo Alentejo, utilizando uma mat\u00e9ria prima bem caracter\u00edstica do nosso Alentejo, a Corti\u00e7a.<\/p>\n<p>Este trackable pode ser registado e acompanhado no site www.Geocaching.com.<\/p>\n<p><a href=\"https:\/\/geoalentejo.com\/wp-content\/uploads\/2015\/12\/TB1.jpg\"><img loading=\"lazy\" decoding=\"async\" class=\"alignnone wp-image-364\" src=\"https:\/\/geoalentejo.com\/wp-content\/uploads\/2015\/12\/TB1-267x300.jpg\" alt=\"TB1\" width=\"230\" height=\"259\" srcset=\"https:\/\/geoalentejo.com\/wp-content\/uploads\/2015\/12\/TB1-267x300.jpg 267w, https:\/\/geoalentejo.com\/wp-content\/uploads\/2015\/12\/TB1-600x674.jpg 600w, https:\/\/geoalentejo.com\/wp-content\/uploads\/2015\/12\/TB1-912x1024.jpg 912w, https:\/\/geoalentejo.com\/wp-content\/uploads\/2015\/12\/TB1-1170x1314.jpg 1170w\" sizes=\"auto, (max-width: 230px) 100vw, 230px\" \/><\/a><a href=\"https:\/\/geoalentejo.com\/wp-content\/uploads\/2015\/12\/TB2.jpg\"><img loading=\"lazy\" decoding=\"async\" class=\"alignnone wp-image-365\" src=\"https:\/\/geoalentejo.com\/wp-content\/uploads\/2015\/12\/TB2-267x300.jpg\" alt=\"TB2\" width=\"235\" height=\"264\" srcset=\"https:\/\/geoalentejo.com\/wp-content\/uploads\/2015\/12\/TB2-267x300.jpg 267w, https:\/\/geoalentejo.com\/wp-content\/uploads\/2015\/12\/TB2-600x673.jpg 600w, https:\/\/geoalentejo.com\/wp-content\/uploads\/2015\/12\/TB2-913x1024.jpg 913w, https:\/\/geoalentejo.com\/wp-content\/uploads\/2015\/12\/TB2-1170x1313.jpg 1170w\" sizes=\"auto, (max-width: 235px) 100vw, 235px\" \/><\/a><\/p>\n<p>O valor unit\u00e1rio do Geo Alentejo Traveller \u00e9 de 6,5\u20ac.<\/p>\n<p>Caso a entrega n\u00e3o seja feita em m\u00e3o, acresce o valor dos portes, 0,75\u20ac.<\/p>\n<p>Para encomendar este trackable \u00e9 necess\u00e1rio preencher o seguinte formul\u00e1rio: <a href=\"https:\/\/docs.google.com\/forms\/d\/14l8LsdI1qW2B6PyJi5WqagvVPp5h4AVkO_-8ZbcROpA\/viewform?usp=send_form\" target=\"_blank\">LINK<\/a><\/p>\n","protected":false},"excerpt":{"rendered":"<p>Este \u00e9 o primeiro trackable produzido pelo Geo Alentejo, utilizando uma mat\u00e9ria prima bem caracter\u00edstica do nosso Alentejo, a Corti\u00e7a. Este trackable pode ser registado e acompanhado no site www.Geocaching.com. O valor unit\u00e1rio do Geo Alentejo Traveller \u00e9 de 6,5\u20ac&#8230;.<br \/><a class=\"read-more-button\" href=\"https:\/\/geoalentejo.com\/?page_id=363\">Read more<\/a><\/p>\n","protected":false},"author":1,"featured_media":0,"parent":0,"menu_order":0,"comment_status":"closed","ping_status":"closed","template":"","meta":{"footnotes":""},"class_list":["post-363","page","type-page","status-publish","hentry"],"_links":{"self":[{"href":"https:\/\/geoalentejo.com\/index.php?rest_route=\/wp\/v2\/pages\/363","targetHints":{"allow":["GET"]}}],"collection":[{"href":"https:\/\/geoalentejo.com\/index.php?rest_route=\/wp\/v2\/pages"}],"about":[{"href":"https:\/\/geoalentejo.com\/index.php?rest_route=\/wp\/v2\/types\/page"}],"author":[{"embeddable":true,"href":"https:\/\/geoalentejo.com\/index.php?rest_route=\/wp\/v2\/users\/1"}],"replies":[{"embeddable":true,"href":"https:\/\/geoalentejo.com\/index.php?rest_route=%2Fwp%2Fv2%2Fcomments&post=363"}],"version-history":[{"count":11,"href":"https:\/\/geoalentejo.com\/index.php?rest_route=\/wp\/v2\/pages\/363\/revisions"}],"predecessor-version":[{"id":451,"href":"https:\/\/geoalentejo.com\/index.php?rest_route=\/wp\/v2\/pages\/363\/revisions\/451"}],"wp:attachment":[{"href":"https:\/\/geoalentejo.com\/index.php?rest_route=%2Fwp%2Fv2%2Fmedia&parent=363"}],"curies":[{"name":"wp","href":"https:\/\/api.w.org\/{rel}","templated":true}]}}