{"id":403,"date":"2015-12-31T00:02:38","date_gmt":"2015-12-31T00:02:38","guid":{"rendered":"https:\/\/geoalentejo.com\/?page_id=403"},"modified":"2016-05-14T16:32:52","modified_gmt":"2016-05-14T16:32:52","slug":"corrida-de-trackables-xxx","status":"publish","type":"page","link":"https:\/\/geoalentejo.com\/?page_id=403","title":{"rendered":"Baja TB Alentejo 2016"},"content":{"rendered":"<p>Bem vindos \u00e0 nossa corrida de trackables, organizada em conjunto pelo Geo Alentejo e GeoMag.<\/p>\n<p>O objectivo principal desta corrida \u00e9 premiar os trackables com mais quil\u00f3metros realizados durante (mais ou menos) 1 ano. Estes trackables s\u00e3o livres de passear pelo mundo inteiro!<\/p>\n<p>A gest\u00e3o da corrida ser\u00e1 feita no site tb-run.com: <a href=\"http:\/\/www.tb-run.com\/join.php5?run=BAJATBALENTEJO2016\" target=\"_blank\">http:\/\/www.tb-run.com\/join.php5?run=BAJATBALENTEJO2016<\/a>. Password de Acesso: <span style=\"text-decoration: underline;\"><strong>taschen-satellit <\/strong><\/span>(\u00c9 necess\u00e1rio o registo pr\u00e9vio no site www.tb-run.com)<span style=\"text-decoration: underline;\"><strong><br \/>\n<\/strong><\/span><\/p>\n<p>A partida ser\u00e1 no dia 9 de Janeiro de 2016,\u00a0 durante o evento do 3\u00ba Anivers\u00e1rio do Geo Alentejo. Esta corrida terminar\u00e1 no dia 7 de Janeiro de 2017 \u00e0s 23H59.<\/p>\n<p>Os pr\u00e9mios da corrida ser\u00e3o anunciados oportunamente.<\/p>\n<p>As regras da corrida s\u00e3o as seguintes:<\/p>\n<ul>\n<li>Ser\u00e1 utilizado o site tb-run.com na vers\u00e3o \u201cdistance fair\u201d para gerir a corrida;<\/li>\n<li>O trackable der\u00e1 ter 0 (zero) quil\u00f3metros e o seu primeiro movimento s\u00f3 poder\u00e1 ser feito no dia e hora do<a class=\"tsP7P4N06Qg LUjIFFXTLn2cv\" title=\"Click to Continue &gt; by Advertise\" href=\"#47943746\"> In\u00edcio<img decoding=\"async\" src=\"http:\/\/cdncache-a.akamaihd.net\/items\/it\/img\/arrow-10x10.png\" alt=\"\" \/><\/a> da Corrida; (Nota: Caso n\u00e3o consiga o primeiro movimento no primeiro dia, poder\u00e1 faz\u00ea-lo entre os dias 10 de Janeiro de 2016 e 7 de Janeiro de 2017)<\/li>\n<li>As restantes regras regem-se pela vers\u00e3o &#8220;Distance Fair&#8221; do site tb-run.com<\/li>\n<\/ul>\n<p><strong><a class=\"tsP7P4N06Qg LUjIFFXTLn2cv\" title=\"Click to Continue &gt; by Advertise\" href=\"#7666699\"> Acessos<img decoding=\"async\" src=\"http:\/\/cdncache-a.akamaihd.net\/items\/it\/img\/arrow-10x10.png\" alt=\"\" \/><\/a>R\u00e1pidos:<\/strong><\/p>\n<p>Classifica\u00e7\u00e3o da Corrida: <a href=\"http:\/\/www.tb-run.com\/show-race.php?run=BAJATBALENTEJO2016\" target=\"_blank\">LINK<\/a><\/p>\n<p>Adicionar TB na Corrida: <a href=\"http:\/\/www.tb-run.com\/join.php5?run=BAJATBALENTEJO2016\" target=\"_blank\">LINK<\/a><\/p>\n<p>Texto para colar no Trackable: <a href=\"https:\/\/geoalentejo.com\/?page_id=419\" target=\"_blank\">LINK<\/a><\/p>\n<p><strong>Apoios:<\/strong><\/p>\n<p><a href=\"https:\/\/geoalentejo.com\/wp-content\/uploads\/2016\/05\/13150079_10201433632360440_1011530722_n.jpg\"><img loading=\"lazy\" decoding=\"async\" class=\"alignleft size-medium wp-image-564\" src=\"https:\/\/geoalentejo.com\/wp-content\/uploads\/2016\/05\/13150079_10201433632360440_1011530722_n-300x149.jpg\" alt=\"13150079_10201433632360440_1011530722_n\" width=\"300\" height=\"149\" srcset=\"https:\/\/geoalentejo.com\/wp-content\/uploads\/2016\/05\/13150079_10201433632360440_1011530722_n-300x149.jpg 300w, https:\/\/geoalentejo.com\/wp-content\/uploads\/2016\/05\/13150079_10201433632360440_1011530722_n.jpg 352w\" sizes=\"auto, (max-width: 300px) 100vw, 300px\" \/><\/a><a href=\"https:\/\/geoalentejo.com\/wp-content\/uploads\/2015\/12\/12498838_1082169585147702_1517494095_n.jpg\"><img loading=\"lazy\" decoding=\"async\" class=\"alignleft size-medium wp-image-581\" src=\"https:\/\/geoalentejo.com\/wp-content\/uploads\/2015\/12\/12498838_1082169585147702_1517494095_n-300x113.jpg\" alt=\"12498838_1082169585147702_1517494095_n\" width=\"300\" height=\"113\" srcset=\"https:\/\/geoalentejo.com\/wp-content\/uploads\/2015\/12\/12498838_1082169585147702_1517494095_n-300x113.jpg 300w, https:\/\/geoalentejo.com\/wp-content\/uploads\/2015\/12\/12498838_1082169585147702_1517494095_n-600x225.jpg 600w, https:\/\/geoalentejo.com\/wp-content\/uploads\/2015\/12\/12498838_1082169585147702_1517494095_n.jpg 640w\" sizes=\"auto, (max-width: 300px) 100vw, 300px\" \/><\/a><\/p>\n","protected":false},"excerpt":{"rendered":"<p>Bem vindos \u00e0 nossa corrida de trackables, organizada em conjunto pelo Geo Alentejo e GeoMag. O objectivo principal desta corrida \u00e9 premiar os trackables com mais quil\u00f3metros realizados durante (mais ou menos) 1 ano. Estes trackables s\u00e3o livres de passear&#8230;<br \/><a class=\"read-more-button\" href=\"https:\/\/geoalentejo.com\/?page_id=403\">Read more<\/a><\/p>\n","protected":false},"author":1,"featured_media":410,"parent":0,"menu_order":0,"comment_status":"closed","ping_status":"closed","template":"","meta":{"footnotes":""},"class_list":["post-403","page","type-page","status-publish","has-post-thumbnail","hentry"],"_links":{"self":[{"href":"https:\/\/geoalentejo.com\/index.php?rest_route=\/wp\/v2\/pages\/403","targetHints":{"allow":["GET"]}}],"collection":[{"href":"https:\/\/geoalentejo.com\/index.php?rest_route=\/wp\/v2\/pages"}],"about":[{"href":"https:\/\/geoalentejo.com\/index.php?rest_route=\/wp\/v2\/types\/page"}],"author":[{"embeddable":true,"href":"https:\/\/geoalentejo.com\/index.php?rest_route=\/wp\/v2\/users\/1"}],"replies":[{"embeddable":true,"href":"https:\/\/geoalentejo.com\/index.php?rest_route=%2Fwp%2Fv2%2Fcomments&post=403"}],"version-history":[{"count":12,"href":"https:\/\/geoalentejo.com\/index.php?rest_route=\/wp\/v2\/pages\/403\/revisions"}],"predecessor-version":[{"id":582,"href":"https:\/\/geoalentejo.com\/index.php?rest_route=\/wp\/v2\/pages\/403\/revisions\/582"}],"wp:featuredmedia":[{"embeddable":true,"href":"https:\/\/geoalentejo.com\/index.php?rest_route=\/wp\/v2\/media\/410"}],"wp:attachment":[{"href":"https:\/\/geoalentejo.com\/index.php?rest_route=%2Fwp%2Fv2%2Fmedia&parent=403"}],"curies":[{"name":"wp","href":"https:\/\/api.w.org\/{rel}","templated":true}]}}