{"id":419,"date":"2016-01-03T19:12:54","date_gmt":"2016-01-03T19:12:54","guid":{"rendered":"https:\/\/geoalentejo.com\/?page_id=419"},"modified":"2016-01-04T22:26:06","modified_gmt":"2016-01-04T22:26:06","slug":"texto-para-colocar-no-trackable","status":"publish","type":"page","link":"https:\/\/geoalentejo.com\/?page_id=419","title":{"rendered":"Texto para colocar no trackable"},"content":{"rendered":"<p><strong>[PT]<\/strong><\/p>\n<p>A miss\u00e3o deste TB \u00e9 viajar de cache em cache, participando na\u00a0Baja TB Alentejo 2016, um corrida de de trackables, organizada em conjunto pelo Geo Alentejo e pela GeoMag.<\/p>\n<p>O objectivo principal desta corrida \u00e9 premiar os trackables com mais quil\u00f3metros realizados durante (mais ou menos) 1 ano. Estes trackables s\u00e3o livres de passear pelo mundo inteiro!<\/p>\n<p>A gest\u00e3o da corrida ser\u00e1 feita no site tb-run.com: <a href=\"http:\/\/www.tb-run.com\/join.php5?run=BAJATBALENTEJO2016\" target=\"_blank\">http:\/\/www.tb-run.com\/join.php5?run=BAJATBALENTEJO2016<\/a>\u00a0e a\u00a0partida ser\u00e1 no dia 9 de Janeiro de 2016,\u00a0durante o evento do 3\u00ba Anivers\u00e1rio do Geo Alentejo. Esta corrida terminar\u00e1 no dia 7 de Janeiro de 2017 \u00e0s 23H59.<\/p>\n<p>Mais informa\u00e7\u00f5es no FaceBook, em <a href=\"https:\/\/www.facebook.com\/geomagpt\/\">GeoMag<\/a>\u00a0e <a href=\"http:\/\/www.GeoAlentejo.com\">Geo Alentejo<\/a><\/p>\n<p>Aproveitem para tirar fotos divertidas e\/ou interessantes\u00a0com o nosso TB, ou nos locais onde o retirarem\/colocarem, identifiquem-nas com #GeoMag , #Baja_TB_Alentejo_2016 , #GeoAlentejo , coloquem-nas na nossa p\u00e1gina e habilitem-se a ganhar pr\u00e9mios ao longo da corrida. \ud83d\ude09<\/p>\n<p><strong>[ENG]<\/strong><\/p>\n<p>The mission of this TB is to travel from cache to cache, participating in TB Alentejo Baja 2016, a race of trackables, organized jointly by Geo Alentejo and the GEOMAG.<\/p>\n<p>The main objective of this race is to reward the trackables more kilometers performed during (more or less) one year. These trackables are free to wander all over the world!<\/p>\n<p>The management of the race will be on the tb-run.com site: <a href=\"http:\/\/www.tb-run.com\/join.php5?run=BAJATBALENTEJO2016\">http:\/\/www.tb-run.com\/join.php5?run=BAJATBALENTEJO2016 <\/a>and the match will take place on January 9, 2016, during the 3rd event Geo Alentejo birthday. This race will end on January 7, 2017 at 23:59.<\/p>\n<p>More information, <a href=\"https:\/\/www.facebook.com\/geomagpt\/\">GeoMag<\/a> and <a href=\"http:\/\/www.GeoAlentejo.com\">Geo Alentejo<\/a><\/p>\n<p>Take the opportunity to take some interesting or funny photos with our TB, or in places where you withdraw or put. Identify them with #GeoMag, # Baja_TB_Alentejo_2016, #GeoAlentejo, put them on facebook and be able to win prizes throughout the race. \ud83d\ude09<\/p>\n","protected":false},"excerpt":{"rendered":"<p>[PT] A miss\u00e3o deste TB \u00e9 viajar de cache em cache, participando na\u00a0Baja TB Alentejo 2016, um corrida de de trackables, organizada em conjunto pelo Geo Alentejo e pela GeoMag. O objectivo principal desta corrida \u00e9 premiar os trackables com&#8230;<br \/><a class=\"read-more-button\" href=\"https:\/\/geoalentejo.com\/?page_id=419\">Read more<\/a><\/p>\n","protected":false},"author":1,"featured_media":0,"parent":0,"menu_order":0,"comment_status":"closed","ping_status":"closed","template":"","meta":{"footnotes":""},"class_list":["post-419","page","type-page","status-publish","hentry"],"_links":{"self":[{"href":"https:\/\/geoalentejo.com\/index.php?rest_route=\/wp\/v2\/pages\/419","targetHints":{"allow":["GET"]}}],"collection":[{"href":"https:\/\/geoalentejo.com\/index.php?rest_route=\/wp\/v2\/pages"}],"about":[{"href":"https:\/\/geoalentejo.com\/index.php?rest_route=\/wp\/v2\/types\/page"}],"author":[{"embeddable":true,"href":"https:\/\/geoalentejo.com\/index.php?rest_route=\/wp\/v2\/users\/1"}],"replies":[{"embeddable":true,"href":"https:\/\/geoalentejo.com\/index.php?rest_route=%2Fwp%2Fv2%2Fcomments&post=419"}],"version-history":[{"count":3,"href":"https:\/\/geoalentejo.com\/index.php?rest_route=\/wp\/v2\/pages\/419\/revisions"}],"predecessor-version":[{"id":428,"href":"https:\/\/geoalentejo.com\/index.php?rest_route=\/wp\/v2\/pages\/419\/revisions\/428"}],"wp:attachment":[{"href":"https:\/\/geoalentejo.com\/index.php?rest_route=%2Fwp%2Fv2%2Fmedia&parent=419"}],"curies":[{"name":"wp","href":"https:\/\/api.w.org\/{rel}","templated":true}]}}