{"id":89,"date":"2015-04-06T21:05:30","date_gmt":"2015-04-06T21:05:30","guid":{"rendered":"https:\/\/geoalentejo.com\/?page_id=89"},"modified":"2017-05-28T13:43:47","modified_gmt":"2017-05-28T13:43:47","slug":"quem-somos","status":"publish","type":"page","link":"https:\/\/geoalentejo.com\/?page_id=89","title":{"rendered":"Quem Somos"},"content":{"rendered":"<p>O Geo Alentejo foi fundado em Janeiro de 2013 e \u00e9 composto por um grupo de praticantes de Geocaching, cujo objectivo \u00e9 promover o melhor que o Alentejo tem, as paisagens, a gastronomia e todo o seu encanto natural.<\/p>\n<p>O nosso grupo tem como principal objectivo promover o Alentejo, atrav\u00e9s das caches que cada um tem nos mais bonitos recantos desta regi\u00e3o, bem como atrav\u00e9s dos eventos que nos orgulhamos de organizar e que para al\u00e9m de promoverem a regi\u00e3o, promovem o convivo e a boa gastronomia local.<\/p>\n<p>O nosso grupo est\u00e1 longe de estar consolidado e continuamos a estabelecer contactos com outros geocachers para que possamos expandir o Geo Alentejo a todo o Alentejo.<\/p>\n<p>Convidamo-vos a fazerem uma visita ao nosso maravilhoso Alentejo, e nele experimentem, vivam e saboreiem o melhor de Portugal.<\/p>\n","protected":false},"excerpt":{"rendered":"<p>O Geo Alentejo foi fundado em Janeiro de 2013 e \u00e9 composto por um grupo de praticantes de Geocaching, cujo objectivo \u00e9 promover o melhor que o Alentejo tem, as paisagens, a gastronomia e todo o seu encanto natural. O&#8230;<br \/><a class=\"read-more-button\" href=\"https:\/\/geoalentejo.com\/?page_id=89\">Read more<\/a><\/p>\n","protected":false},"author":1,"featured_media":0,"parent":0,"menu_order":0,"comment_status":"closed","ping_status":"closed","template":"template-full-width.php","meta":{"footnotes":""},"class_list":["post-89","page","type-page","status-publish","hentry"],"_links":{"self":[{"href":"https:\/\/geoalentejo.com\/index.php?rest_route=\/wp\/v2\/pages\/89","targetHints":{"allow":["GET"]}}],"collection":[{"href":"https:\/\/geoalentejo.com\/index.php?rest_route=\/wp\/v2\/pages"}],"about":[{"href":"https:\/\/geoalentejo.com\/index.php?rest_route=\/wp\/v2\/types\/page"}],"author":[{"embeddable":true,"href":"https:\/\/geoalentejo.com\/index.php?rest_route=\/wp\/v2\/users\/1"}],"replies":[{"embeddable":true,"href":"https:\/\/geoalentejo.com\/index.php?rest_route=%2Fwp%2Fv2%2Fcomments&post=89"}],"version-history":[{"count":8,"href":"https:\/\/geoalentejo.com\/index.php?rest_route=\/wp\/v2\/pages\/89\/revisions"}],"predecessor-version":[{"id":724,"href":"https:\/\/geoalentejo.com\/index.php?rest_route=\/wp\/v2\/pages\/89\/revisions\/724"}],"wp:attachment":[{"href":"https:\/\/geoalentejo.com\/index.php?rest_route=%2Fwp%2Fv2%2Fmedia&parent=89"}],"curies":[{"name":"wp","href":"https:\/\/api.w.org\/{rel}","templated":true}]}}